{"id":1432,"date":"2015-10-28T12:32:15","date_gmt":"2015-10-28T12:32:15","guid":{"rendered":"http:\/\/startit.select-themes.com\/?page_id=1432"},"modified":"2020-10-21T18:05:15","modified_gmt":"2020-10-21T17:05:15","slug":"contact","status":"publish","type":"page","link":"https:\/\/www.leanovia.com\/fr\/contact\/","title":{"rendered":"Contactez-nous"},"content":{"rendered":"<p>[vc_row content_width=\u00a0\u00bbgrid\u00a0\u00bb content_aligment=\u00a0\u00bbcenter\u00a0\u00bb][vc_column offset=\u00a0\u00bbvc_col-lg-offset-2 vc_col-lg-8&Prime;][vc_column_text]N\u2019h\u00e9sitez pas \u00e0 rentrer en contact avec nous, afin que nous puissions discuter ensemble de vos enjeux, vous pr\u00e9senter nos offres de service, et d\u00e9terminer la meilleure fa\u00e7on de vous aider.[\/vc_column_text][\/vc_column][\/vc_row][vc_row content_width=\u00a0\u00bbgrid\u00a0\u00bb el_class=\u00a0\u00bbbottom-padding-row\u00a0\u00bb][vc_column offset=\u00a0\u00bbvc_col-md-6&Prime; el_class=\u00a0\u00bbcf7_custom_style_1&Prime;][vc_column_text]<div role=\"form\" class=\"wpcf7\" id=\"wpcf7-f3364-o1\" lang=\"fr-FR\" dir=\"ltr\">\n<div class=\"screen-reader-response\"><p role=\"status\" aria-live=\"polite\" aria-atomic=\"true\"><\/p> <ul><\/ul><\/div>\n<form action=\"\/fr\/wp-json\/wp\/v2\/pages\/1432#wpcf7-f3364-o1\" method=\"post\" class=\"wpcf7-form init\" novalidate=\"novalidate\" data-status=\"init\">\n<div style=\"display: none;\">\n<input type=\"hidden\" name=\"_wpcf7\" value=\"3364\" \/>\n<input type=\"hidden\" name=\"_wpcf7_version\" value=\"5.3\" \/>\n<input type=\"hidden\" name=\"_wpcf7_locale\" value=\"fr_FR\" \/>\n<input type=\"hidden\" name=\"_wpcf7_unit_tag\" value=\"wpcf7-f3364-o1\" \/>\n<input type=\"hidden\" name=\"_wpcf7_container_post\" value=\"0\" \/>\n<input type=\"hidden\" name=\"_wpcf7_posted_data_hash\" value=\"\" \/>\n<input type=\"hidden\" name=\"_wpcf7_recaptcha_response\" value=\"\" \/>\n<\/div>\n<div class='form-group'>\n    <label for='contact-form-name' class='control-label'>Votre nom (obligatoire)<\/label><br \/>\n    <span class=\"wpcf7-form-control-wrap your-name\"><input type=\"text\" name=\"your-name\" value=\"\" size=\"40\" class=\"wpcf7-form-control wpcf7-text wpcf7-validates-as-required\" id=\"contact-form-name\" aria-required=\"true\" aria-invalid=\"false\" \/><\/span>\n<\/div>\n<div class='form-group'>\n    <label for='contact-form-email' class='control-label'>Votre email (obligatoire)<\/label><br \/>\n    <span class=\"wpcf7-form-control-wrap your-email\"><input type=\"email\" name=\"your-email\" value=\"\" size=\"40\" class=\"wpcf7-form-control wpcf7-text wpcf7-email wpcf7-validates-as-required wpcf7-validates-as-email\" id=\"contact-form-email\" aria-required=\"true\" aria-invalid=\"false\" \/><\/span>\n<\/div>\n<div class='form-group'>\n    <label for='contact-form-subject' class='control-label'>Sujet<\/label><br \/>\n    <span class=\"wpcf7-form-control-wrap your-subject\"><input type=\"text\" name=\"your-subject\" value=\"\" size=\"40\" class=\"wpcf7-form-control wpcf7-text\" id=\"contact-form-subject\" aria-invalid=\"false\" \/><\/span>\n<\/div>\n<div class='form-group'>\n    <label for='contact-form-message' class='control-label'>Message<\/label><br \/>\n    <span class=\"wpcf7-form-control-wrap your-message\"><textarea name=\"your-message\" cols=\"40\" rows=\"6\" class=\"wpcf7-form-control wpcf7-textarea\" id=\"contact-form-message\" aria-invalid=\"false\"><\/textarea><\/span>\n<\/div>\n<div class='form-group'><input type=\"submit\" value=\"Envoyer\" class=\"wpcf7-form-control wpcf7-submit\" \/><\/div>\n<div class=\"wpcf7-response-output\" aria-hidden=\"true\"><\/div><\/form><\/div>[\/vc_column_text][\/vc_column][vc_column offset=\u00a0\u00bbvc_col-md-6&Prime;][vc_empty_space height=\u00a0\u00bb10px\u00a0\u00bb][vc_column_text]<\/p>\n<h3>Nous\u00a0trouver<\/h3>\n<p>[\/vc_column_text][vc_empty_space height=\u00a0\u00bb10px\u00a0\u00bb][vc_column_text]<div id=\"wpgmza_map\" data-settings='{\"id\":\"1\",\"map_title\":\"Leanovia\",\"map_width\":\"100\",\"map_height\":\"400\",\"map_start_lat\":\"43.776913\",\"map_start_lng\":\"1.583346\",\"map_start_location\":\"43.77691296072217,1.5833456124999958\",\"map_start_zoom\":\"4\",\"default_marker\":\"0\",\"type\":\"1\",\"alignment\":\"4\",\"directions_enabled\":\"1\",\"styling_enabled\":\"0\",\"styling_json\":\"\",\"active\":\"0\",\"kml\":\"\",\"bicycle\":\"2\",\"traffic\":\"2\",\"dbox\":\"1\",\"dbox_width\":\"100\",\"listmarkers\":\"0\",\"listmarkers_advanced\":\"0\",\"filterbycat\":\"0\",\"ugm_enabled\":\"0\",\"ugm_category_enabled\":\"0\",\"fusion\":\"\",\"map_width_type\":\"\\\\%\",\"map_height_type\":\"px\",\"mass_marker_support\":\"1\",\"ugm_access\":\"0\",\"order_markers_by\":\"1\",\"order_markers_choice\":\"2\",\"show_user_location\":\"0\",\"default_to\":\"\",\"other_settings\":{\"store_locator_enabled\":2,\"store_locator_distance\":2,\"store_locator_default_radius\":10,\"store_locator_not_found_message\":\"No results found in this location. Please try again.\",\"store_locator_bounce\":1,\"store_locator_query_string\":\"Code Postal \\\/ Adresse\",\"store_locator_default_address\":\"\",\"wpgmza_store_locator_restrict\":\"\",\"wpgmza_store_locator_radius_style\":\"modern\",\"map_max_zoom\":\"1\",\"transport_layer\":2,\"wpgmza_show_points_of_interest\":0,\"wpgmza_auto_night\":0}}' data-shortcode-attributes='{\"id\":\"1\"}' style=\"display:block; overflow:auto; width:100%; height:400px; \"><\/div>[\/vc_column_text][vc_empty_space][vc_row_inner][vc_column_inner offset=\u00a0\u00bbvc_col-lg-6 vc_col-md-12&Prime;][vc_raw_html]JTNDZGl2JTIwY2xhc3MlM0QncW9kZWYtaXd0JTIwY2xlYXJmaXglMjBxb2RlZi1pd3QtaWNvbi1sZWZ0JTIwcW9kZWYtaXd0LWljb24tdGlueSclM0UlMEElMjAlMjAlMjAlMjAlM0NkaXYlMjBjbGFzcyUzRCdxb2RlZi1pd3QtaWNvbi1ob2xkZXInJTNFJTBBJTIwJTIwJTIwJTIwJTIwJTIwJTIwJTIwJTNDc3BhbiUyMGNsYXNzJTNEJ3FvZGVmLWljb24tc2hvcnRjb2RlJTIwY2lyY2xlJyUyMHN0eWxlJTNEJ3dpZHRoJTNBJTIwMzdweCUzQmhlaWdodCUzQSUyMDM3cHglM0JsaW5lLWhlaWdodCUzQSUyMDM3cHgnJTNFJTBBJTIwJTIwJTIwJTIwJTIwJTIwJTIwJTIwJTIwJTIwJTIwJTIwJTNDaSUyMGNsYXNzJTNEJ3FvZGVmLWljb24tc2ltcGxlLWxpbmUtaWNvbiUyMGljb24tbG9jYXRpb24tcGluJTIwcW9kZWYtaWNvbi1lbGVtZW50JyUyMHN0eWxlJTNEJ2ZvbnQtc2l6ZSUzQTE0cHgnJTNFJTNDJTJGaSUzRSUwQSUyMCUyMCUyMCUyMCUyMCUyMCUyMCUyMCUzQyUyRnNwYW4lM0UlMEElMjAlMjAlMjAlMjAlM0MlMkZkaXYlM0UlMEElMjAlMjAlMjAlMjAlM0NkaXYlMjBjbGFzcyUzRCdxb2RlZi1pd3QtY29udGVudC1ob2xkZXInJTIwc3R5bGUlM0QncGFkZGluZy1sZWZ0JTNBJTIwMTBweCclM0UlMEElMjAlMjAlMjAlMjAlMjAlMjAlMjAlMjAlM0NkaXYlMjBjbGFzcyUzRCdxb2RlZi1pd3QtdGV4dC1ob2xkZXInJTNFJTBBJTIwJTIwJTIwJTIwJTIwJTIwJTIwJTIwJTIwJTIwJTIwJTIwJTNDcCUyMHN0eWxlJTNEJ2xpbmUtaGVpZ2h0JTNBJTIwMTZweCclM0UlMEElMjAlMjAlMjAlMjAlMjAlMjAlMjAlMjAlMjAlMjAlMjAlMjAlMjAlMjAlMjAlMjBUb3VyJTIwQy5JLlQuJTNDYnIlM0UzJTIwcnVlJTIwZGUlMjBsJ0Fycml2JUMzJUE5ZSUwQSUyMCUyMCUyMCUyMCUyMCUyMCUyMCUyMCUyMCUyMCUyMCUyMCUyMCUyMCUyMCUyMCUzQ2JyJTNFJTBBJTIwJTIwJTIwJTIwJTIwJTIwJTIwJTIwJTIwJTIwJTIwJTIwJTIwJTIwJTIwJTIwNzUwMTUlMjBQQVJJUyUzQ2JyJTNFRnJhbmNlJTBBJTIwJTIwJTIwJTIwJTIwJTIwJTIwJTIwJTIwJTIwJTIwJTIwJTNDJTJGcCUzRSUwQSUyMCUyMCUyMCUyMCUyMCUyMCUyMCUyMCUzQyUyRmRpdiUzRSUwQSUyMCUyMCUyMCUyMCUzQyUyRmRpdiUzRSUwQSUzQyUyRmRpdiUzRQ==[\/vc_raw_html][vc_empty_space height=\u00a0\u00bb25px\u00a0\u00bb][\/vc_column_inner][vc_column_inner offset=\u00a0\u00bbvc_col-lg-6 vc_col-md-12&Prime;][vc_raw_html]JTNDZGl2JTIwY2xhc3MlM0QncW9kZWYtaXd0JTIwY2xlYXJmaXglMjBxb2RlZi1pd3QtaWNvbi1sZWZ0JTIwcW9kZWYtaXd0LWljb24tdGlueSclM0UlMEElMjAlMjAlMjAlMjAlM0NkaXYlMjBjbGFzcyUzRCdxb2RlZi1pd3QtaWNvbi1ob2xkZXInJTNFJTBBJTIwJTIwJTIwJTIwJTIwJTIwJTIwJTIwJTNDc3BhbiUyMGNsYXNzJTNEJ3FvZGVmLWljb24tc2hvcnRjb2RlJTIwY2lyY2xlJyUyMHN0eWxlJTNEJ3dpZHRoJTNBJTIwMzdweCUzQmhlaWdodCUzQSUyMDM3cHglM0JsaW5lLWhlaWdodCUzQSUyMDM3cHgnJTNFJTBBJTIwJTIwJTIwJTIwJTIwJTIwJTIwJTIwJTIwJTIwJTIwJTIwJTNDaSUyMGNsYXNzJTNEJ3FvZGVmLWljb24tc2ltcGxlLWxpbmUtaWNvbiUyMGljb24tbG9jYXRpb24tcGluJTIwcW9kZWYtaWNvbi1lbGVtZW50JyUyMHN0eWxlJTNEJ2ZvbnQtc2l6ZSUzQTE0cHgnJTNFJTNDJTJGaSUzRSUwQSUyMCUyMCUyMCUyMCUyMCUyMCUyMCUyMCUzQyUyRnNwYW4lM0UlMEElMjAlMjAlMjAlMjAlM0MlMkZkaXYlM0UlMEElMjAlMjAlMjAlMjAlM0NkaXYlMjBjbGFzcyUzRCdxb2RlZi1pd3QtY29udGVudC1ob2xkZXInJTIwc3R5bGUlM0QncGFkZGluZy1sZWZ0JTNBJTIwMTBweCclM0UlMEElMjAlMjAlMjAlMjAlMjAlMjAlMjAlMjAlM0NkaXYlMjBjbGFzcyUzRCdxb2RlZi1pd3QtdGV4dC1ob2xkZXInJTNFJTBBJTIwJTIwJTIwJTIwJTIwJTIwJTIwJTIwJTIwJTIwJTIwJTIwJTNDcCUyMHN0eWxlJTNEJ2xpbmUtaGVpZ2h0JTNBJTIwMTZweCclM0UlMEElMjAlMjAlMjAlMjAlMjAlMjAlMjAlMjAlMjAlMjAlMjAlMjAlMjAlMjAlMjAlMjBNb2hhbWVkJTIwViUyMENlbnRlciUzQ2JyJTJGJTNFMSUyMHJ1ZSUyMEElQzMlQUZ0JTIwQmElMjBBbXJhbmUlM0NiciUyRiUzRSUwQSUyMCUyMCUyMCUyMCUyMCUyMCUyMCUyMCUyMCUyMCUyMCUyMCUyMCUyMCUyMCUyMDIwMjUwJTIwQ0FTQUJMQU5DQSUzQ2JyJTNFTWFyb2MlMEElMjAlMjAlMjAlMjAlMjAlMjAlMjAlMjAlMjAlMjAlMjAlMjAlM0MlMkZwJTNFJTBBJTIwJTIwJTIwJTIwJTIwJTIwJTIwJTIwJTNDJTJGZGl2JTNFJTBBJTIwJTIwJTIwJTIwJTNDJTJGZGl2JTNFJTBBJTNDJTJGZGl2JTNF[\/vc_raw_html][\/vc_column_inner][\/vc_row_inner][vc_row_inner][vc_column_inner width=\u00a0\u00bb1\/4&Prime;][\/vc_column_inner][vc_column_inner width=\u00a0\u00bb1\/2&Prime;][vc_raw_html]JTNDZGl2JTIwY2xhc3MlM0QlMjdxb2RlZi1pd3QlMjBjbGVhcmZpeCUyMHFvZGVmLWl3dC1pY29uLWxlZnQlMjBxb2RlZi1pd3QtaWNvbi10aW55JTI3JTNFJTBBJTIwJTIwJTIwJTIwJTNDZGl2JTIwY2xhc3MlM0QlMjdxb2RlZi1pd3QtaWNvbi1ob2xkZXIlMjclM0UlMEElMjAlMjAlMjAlMjAlMjAlMjAlMjAlMjAlM0NzcGFuJTIwY2xhc3MlM0QlMjdxb2RlZi1pY29uLXNob3J0Y29kZSUyMGNpcmNsZSUyNyUyMHN0eWxlJTNEJTI3d2lkdGglM0ElMjAzN3B4JTNCaGVpZ2h0JTNBJTIwMzdweCUzQmxpbmUtaGVpZ2h0JTNBJTIwMzdweCUyNyUzRSUwQSUyMCUyMCUyMCUyMCUyMCUyMCUyMCUyMCUyMCUyMCUyMCUyMCUzQ2klMjBjbGFzcyUzRCUyN3FvZGVmLWljb24tc2ltcGxlLWxpbmUtaWNvbiUyMGljb24tZW52ZWxvcGUlMjBxb2RlZi1pY29uLWVsZW1lbnQlMjclMjBzdHlsZSUzRCUyN2ZvbnQtc2l6ZSUzQTE0cHglMjclM0UlM0MlMkZpJTNFJTBBJTIwJTIwJTIwJTIwJTIwJTIwJTIwJTIwJTNDJTJGc3BhbiUzRSUwQSUyMCUyMCUyMCUyMCUzQyUyRmRpdiUzRSUwQSUyMCUyMCUyMCUyMCUzQ2RpdiUyMGNsYXNzJTNEJTI3cW9kZWYtaXd0LWNvbnRlbnQtaG9sZGVyJTI3JTIwc3R5bGUlM0QlMjdwYWRkaW5nLWxlZnQlM0ElMjAxMHB4JTI3JTNFJTBBJTIwJTIwJTIwJTIwJTIwJTIwJTIwJTIwJTNDZGl2JTIwY2xhc3MlM0QlMjdxb2RlZi1pd3QtdGV4dC1ob2xkZXIlMjclM0UlMEElMjAlMjAlMjAlMjAlMjAlMjAlMjAlMjAlMjAlMjAlMjAlMjAlM0NwJTIwc3R5bGUlM0QlMjdsaW5lLWhlaWdodCUzQSUyMDI2cHglMjclM0UlMEElMjAlMjAlMjAlMjAlMjAlMjAlMjAlMjAlMjAlMjAlMjAlMjAlMjAlMjAlMjAlMjAlM0NhJTIwY2xhc3MlM0QlMjdxb2RlZi1pd3QtbGluayUyNyUyMGhyZWYlM0QlMjdtYWlsdG8lM0FpbmZvJTQwbGVhbm92aWEuY29tJTI3JTIwdGFyZ2V0JTNEJTI3X3NlbGYlMjclM0VpbmZvJTQwbGVhbm92aWEuY29tJTNDJTJGYSUzRSUwQSUyMCUyMCUyMCUyMCUyMCUyMCUyMCUyMCUyMCUyMCUyMCUyMCUzQyUyRnAlM0UlMEElMjAlMjAlMjAlMjAlMjAlMjAlMjAlMjAlM0MlMkZkaXYlM0UlMEElMjAlMjAlMjAlMjAlM0MlMkZkaXYlM0UlMEElM0MlMkZkaXYlM0U=[\/vc_raw_html][\/vc_column_inner][vc_column_inner width=\u00a0\u00bb1\/4&Prime;][\/vc_column_inner][\/vc_row_inner][\/vc_column][\/vc_row]<\/p>\n","protected":false},"excerpt":{"rendered":"<p>[vc_row content_width=\u00a0\u00bbgrid\u00a0\u00bb content_aligment=\u00a0\u00bbcenter\u00a0\u00bb][vc_column offset=\u00a0\u00bbvc_col-lg-offset-2 vc_col-lg-8&Prime;][vc_column_text]N\u2019h\u00e9sitez pas \u00e0 rentrer en contact avec nous, afin que nous puissions discuter ensemble de vos enjeux, vous pr\u00e9senter nos offres de service, et d\u00e9terminer la meilleure fa\u00e7on de vous aider.[\/vc_column_text][\/vc_column][\/vc_row][vc_row content_width=\u00a0\u00bbgrid\u00a0\u00bb el_class=\u00a0\u00bbbottom-padding-row\u00a0\u00bb][vc_column offset=\u00a0\u00bbvc_col-md-6&Prime; el_class=\u00a0\u00bbcf7_custom_style_1&Prime;][vc_column_text][\/vc_column_text][\/vc_column][vc_column offset=\u00a0\u00bbvc_col-md-6&Prime;][vc_empty_space height=\u00a0\u00bb10px\u00a0\u00bb][vc_column_text] Nous\u00a0trouver [\/vc_column_text][vc_empty_space height=\u00a0\u00bb10px\u00a0\u00bb][vc_column_text][\/vc_column_text][vc_empty_space][vc_row_inner][vc_column_inner offset=\u00a0\u00bbvc_col-lg-6&#8230;<\/p>\n","protected":false},"author":1,"featured_media":0,"parent":0,"menu_order":0,"comment_status":"closed","ping_status":"closed","template":"full-width.php","meta":[],"yoast_head":"<!-- This site is optimized with the Yoast SEO plugin v15.1.1 - https:\/\/yoast.com\/wordpress\/plugins\/seo\/ -->\n<title>Nous contacter - LEANOVIA<\/title>\n<meta name=\"description\" content=\"Qu\u2019attendons-nous pour nous rencontrer ? Discutons de vos projets de performance, sites Web et applications.\" \/>\n<meta name=\"robots\" content=\"index, follow, max-snippet:-1, max-image-preview:large, max-video-preview:-1\" \/>\n<link rel=\"canonical\" href=\"https:\/\/www.leanovia.com\/fr\/contact\/\" \/>\n<script type=\"application\/ld+json\" class=\"yoast-schema-graph\">{\"@context\":\"https:\/\/schema.org\",\"@graph\":[{\"@type\":\"WebSite\",\"@id\":\"https:\/\/www.leanovia.com\/fr\/#website\",\"url\":\"https:\/\/www.leanovia.com\/fr\/\",\"name\":\"LEANOVIA\",\"description\":\"IT Performance Experts\",\"potentialAction\":[{\"@type\":\"SearchAction\",\"target\":\"https:\/\/www.leanovia.com\/fr\/?s={search_term_string}\",\"query-input\":\"required name=search_term_string\"}],\"inLanguage\":\"fr-FR\"},{\"@type\":\"WebPage\",\"@id\":\"https:\/\/www.leanovia.com\/fr\/contact\/#webpage\",\"url\":\"https:\/\/www.leanovia.com\/fr\/contact\/\",\"name\":\"Nous contacter - LEANOVIA\",\"isPartOf\":{\"@id\":\"https:\/\/www.leanovia.com\/fr\/#website\"},\"datePublished\":\"2015-10-28T12:32:15+00:00\",\"dateModified\":\"2020-10-21T17:05:15+00:00\",\"description\":\"Qu\\u2019attendons-nous pour nous rencontrer ? Discutons de vos projets de performance, sites Web et applications.\",\"inLanguage\":\"fr-FR\",\"potentialAction\":[{\"@type\":\"ReadAction\",\"target\":[\"https:\/\/www.leanovia.com\/fr\/contact\/\"]}]}]}<\/script>\n<!-- \/ Yoast SEO plugin. -->","_links":{"self":[{"href":"https:\/\/www.leanovia.com\/fr\/wp-json\/wp\/v2\/pages\/1432"}],"collection":[{"href":"https:\/\/www.leanovia.com\/fr\/wp-json\/wp\/v2\/pages"}],"about":[{"href":"https:\/\/www.leanovia.com\/fr\/wp-json\/wp\/v2\/types\/page"}],"author":[{"embeddable":true,"href":"https:\/\/www.leanovia.com\/fr\/wp-json\/wp\/v2\/users\/1"}],"replies":[{"embeddable":true,"href":"https:\/\/www.leanovia.com\/fr\/wp-json\/wp\/v2\/comments?post=1432"}],"version-history":[{"count":2,"href":"https:\/\/www.leanovia.com\/fr\/wp-json\/wp\/v2\/pages\/1432\/revisions"}],"predecessor-version":[{"id":4273,"href":"https:\/\/www.leanovia.com\/fr\/wp-json\/wp\/v2\/pages\/1432\/revisions\/4273"}],"wp:attachment":[{"href":"https:\/\/www.leanovia.com\/fr\/wp-json\/wp\/v2\/media?parent=1432"}],"curies":[{"name":"wp","href":"https:\/\/api.w.org\/{rel}","templated":true}]}}