{"id":3177,"date":"2016-01-20T12:24:21","date_gmt":"2016-01-20T11:24:21","guid":{"rendered":"http:\/\/www.leanovia.com\/?page_id=3177"},"modified":"2016-09-27T20:57:51","modified_gmt":"2016-09-27T19:57:51","slug":"expertise","status":"publish","type":"page","link":"https:\/\/www.leanovia.com\/fr\/expertise\/","title":{"rendered":"Notre offre d&rsquo;Expertise"},"content":{"rendered":"<p>[vc_row content_width=\u00a0\u00bbgrid\u00a0\u00bb el_class=\u00a0\u00bbtop-padding-row bottom-padding-row\u00a0\u00bb][vc_column width=\u00a0\u00bb1\/2&Prime; offset=\u00a0\u00bbvc_col-lg-6 vc_col-md-6&Prime;][vc_column_text]LEANOVIA met \u00e0 votre disposition son savoir-faire dans la performance des Syst\u00e8mes d\u2019Information en intervenant dans toutes les phases de vos projets :<\/p>\n<div class=\"qodef-icon-list-item\">\n<div class=\"qodef-icon-list-icon-holder\">\n<div class=\"qodef-icon-list-icon-holder-inner clearfix\"><i class=\"qodef-icon-font-awesome fa fa-check-circle\">\u00a0<\/i><\/div>\n<\/div>\n<p class=\"qodef-icon-list-text\"><a title=\"Tests de performance\" href=\"https:\/\/www.leanovia.com\/fr\/expertise\/tests-de-charge-diagnostic-optimisation-site-web-application\/\">Tests de performance Web et applicatifs<\/a> :<br \/>\nVous assurer que les anomalies seront anticip\u00e9es et \u00e9radiqu\u00e9es avant m\u00eame d\u2019atteindre vos utilisateurs,<\/p>\n<\/div>\n<div class=\"qodef-icon-list-item\">\n<div class=\"qodef-icon-list-icon-holder\">\n<div class=\"qodef-icon-list-icon-holder-inner clearfix\"><i class=\"qodef-icon-font-awesome fa fa-check-circle\">\u00a0<\/i><\/div>\n<\/div>\n<p class=\"qodef-icon-list-text\"><a title=\"Instrumentation et supervision des performances\" href=\"https:\/\/www.leanovia.com\/fr\/expertise\/apm-supervision-monitoring-performance-application-site-web\/\">Instrumentation et monitoring<\/a> :<br \/>\nSavoir mesurer les performances et identifier les causes des d\u00e9gradations \u00e9ventuelles, y compris en Production,<\/p>\n<\/div>\n<div class=\"qodef-icon-list-item\">\n<div class=\"qodef-icon-list-icon-holder\">\n<div class=\"qodef-icon-list-icon-holder-inner clearfix\"><i class=\"qodef-icon-font-awesome fa fa-check-circle\">\u00a0<\/i><\/div>\n<\/div>\n<p class=\"qodef-icon-list-text\"><a title=\"Conception d\u2019architectures Web Hautes Performances\" href=\"https:\/\/www.leanovia.com\/fr\/expertise\/architectures-web-hautes-performances\/\">Conception d\u2019architectures Web hautes performances<\/a> :<br \/>\nMettre tous les atouts de votre c\u00f4t\u00e9 pour maximiser performances, scalabilit\u00e9, et disponibilit\u00e9 de vos applications,<\/p>\n<\/div>\n<div class=\"qodef-icon-list-item\">\n<div class=\"qodef-icon-list-icon-holder\">\n<div class=\"qodef-icon-list-icon-holder-inner clearfix\"><i class=\"qodef-icon-font-awesome fa fa-check-circle\">\u00a0<\/i><\/div>\n<\/div>\n<p class=\"qodef-icon-list-text\"><a title=\"Rem\u00e9dier efficacement aux incidents de Production\" href=\"https:\/\/www.leanovia.com\/fr\/expertise\/diagnostic-performances-incident-production\/\">Diagnostic et r\u00e9solution des incidents en Production<\/a> :<br \/>\nParce qu\u2019il faut aussi savoir \u00eatre r\u00e9actifs.<\/p>\n<\/div>\n<p>[\/vc_column_text][\/vc_column][vc_column width=\u00a0\u00bb1\/2&Prime;][vc_single_image image=\u00a0\u00bb3916&Prime; img_size=\u00a0\u00bbfull\u00a0\u00bb alignment=\u00a0\u00bbcenter\u00a0\u00bb][\/vc_column][\/vc_row]<\/p>\n","protected":false},"excerpt":{"rendered":"<p>[vc_row content_width=\u00a0\u00bbgrid\u00a0\u00bb el_class=\u00a0\u00bbtop-padding-row bottom-padding-row\u00a0\u00bb][vc_column width=\u00a0\u00bb1\/2&Prime; offset=\u00a0\u00bbvc_col-lg-6 vc_col-md-6&Prime;][vc_column_text]LEANOVIA met \u00e0 votre disposition son savoir-faire dans la performance des Syst\u00e8mes d\u2019Information en intervenant dans toutes les phases de vos projets : \u00a0 Tests de performance Web et applicatifs : Vous assurer que les anomalies seront anticip\u00e9es et&#8230;<\/p>\n","protected":false},"author":1,"featured_media":0,"parent":0,"menu_order":0,"comment_status":"closed","ping_status":"closed","template":"full-width.php","meta":[],"yoast_head":"<!-- This site is optimized with the Yoast SEO plugin v15.1.1 - https:\/\/yoast.com\/wordpress\/plugins\/seo\/ -->\n<title>Notre offre d&#039;Expertise - LEANOVIA<\/title>\n<meta name=\"description\" content=\"Le savoir-faire de sp\u00e9cialistes de la Performance IT au service de votre entreprise.\" \/>\n<meta name=\"robots\" content=\"index, follow, max-snippet:-1, max-image-preview:large, max-video-preview:-1\" \/>\n<link rel=\"canonical\" href=\"https:\/\/www.leanovia.com\/fr\/expertise\/\" \/>\n<script type=\"application\/ld+json\" class=\"yoast-schema-graph\">{\"@context\":\"https:\/\/schema.org\",\"@graph\":[{\"@type\":\"WebSite\",\"@id\":\"https:\/\/www.leanovia.com\/fr\/#website\",\"url\":\"https:\/\/www.leanovia.com\/fr\/\",\"name\":\"LEANOVIA\",\"description\":\"IT Performance Experts\",\"potentialAction\":[{\"@type\":\"SearchAction\",\"target\":\"https:\/\/www.leanovia.com\/fr\/?s={search_term_string}\",\"query-input\":\"required name=search_term_string\"}],\"inLanguage\":\"fr-FR\"},{\"@type\":\"WebPage\",\"@id\":\"https:\/\/www.leanovia.com\/fr\/expertise\/#webpage\",\"url\":\"https:\/\/www.leanovia.com\/fr\/expertise\/\",\"name\":\"Notre offre d'Expertise - LEANOVIA\",\"isPartOf\":{\"@id\":\"https:\/\/www.leanovia.com\/fr\/#website\"},\"datePublished\":\"2016-01-20T11:24:21+00:00\",\"dateModified\":\"2016-09-27T19:57:51+00:00\",\"description\":\"Le savoir-faire de sp\\u00e9cialistes de la Performance IT au service de votre entreprise.\",\"inLanguage\":\"fr-FR\",\"potentialAction\":[{\"@type\":\"ReadAction\",\"target\":[\"https:\/\/www.leanovia.com\/fr\/expertise\/\"]}]}]}<\/script>\n<!-- \/ Yoast SEO plugin. -->","_links":{"self":[{"href":"https:\/\/www.leanovia.com\/fr\/wp-json\/wp\/v2\/pages\/3177"}],"collection":[{"href":"https:\/\/www.leanovia.com\/fr\/wp-json\/wp\/v2\/pages"}],"about":[{"href":"https:\/\/www.leanovia.com\/fr\/wp-json\/wp\/v2\/types\/page"}],"author":[{"embeddable":true,"href":"https:\/\/www.leanovia.com\/fr\/wp-json\/wp\/v2\/users\/1"}],"replies":[{"embeddable":true,"href":"https:\/\/www.leanovia.com\/fr\/wp-json\/wp\/v2\/comments?post=3177"}],"version-history":[{"count":65,"href":"https:\/\/www.leanovia.com\/fr\/wp-json\/wp\/v2\/pages\/3177\/revisions"}],"predecessor-version":[{"id":3931,"href":"https:\/\/www.leanovia.com\/fr\/wp-json\/wp\/v2\/pages\/3177\/revisions\/3931"}],"wp:attachment":[{"href":"https:\/\/www.leanovia.com\/fr\/wp-json\/wp\/v2\/media?parent=3177"}],"curies":[{"name":"wp","href":"https:\/\/api.w.org\/{rel}","templated":true}]}}