{"id":3243,"date":"2016-02-08T19:06:44","date_gmt":"2016-02-08T18:06:44","guid":{"rendered":"http:\/\/www.leanovia.com\/?page_id=3243"},"modified":"2020-10-21T16:17:54","modified_gmt":"2020-10-21T15:17:54","slug":"conseil","status":"publish","type":"page","link":"https:\/\/www.leanovia.com\/fr\/conseil\/","title":{"rendered":"Notre offre de Conseil"},"content":{"rendered":"<p>[vc_row el_class=\u00a0\u00bbtop-padding-row bottom-padding-row\u00a0\u00bb][vc_column width=\u00a0\u00bb1\/2&Prime;][vc_column_text]LEANOVIA vous propose 4 offres de conseil distinctes :<\/p>\n<div class=\"qodef-icon-list-item\">\n<div class=\"qodef-icon-list-icon-holder\">\n<div class=\"qodef-icon-list-icon-holder-inner clearfix\"><i class=\"qodef-icon-font-awesome fa fa-check-circle\">\u00a0<\/i><\/div>\n<\/div>\n<p class=\"qodef-icon-list-text\"><a href=\"https:\/\/www.leanovia.com\/fr\/conseil\/audit-performances-applications-site-web-infrastructures\/\">Audit de performance<\/a> :<br \/>\nAssembler les expertises requises pour adresser de mani\u00e8re transverse vos probl\u00e9matiques de performance les plus complexes,<\/p>\n<\/div>\n<div class=\"qodef-icon-list-item\">\n<div class=\"qodef-icon-list-icon-holder\">\n<div class=\"qodef-icon-list-icon-holder-inner clearfix\"><i class=\"qodef-icon-font-awesome fa fa-check-circle\">\u00a0<\/i><\/div>\n<\/div>\n<p class=\"qodef-icon-list-text\"><a href=\"https:\/\/www.leanovia.com\/fr\/conseil\/gestion-croissance-pics-trafic-site-web-application\/\">Accompagnement de la croissance<\/a> :<br \/>\nS\u2019assurer que la performance de votre Syst\u00e8me d\u2019Information soutienne la croissance de votre entreprise,<\/p>\n<\/div>\n<div class=\"qodef-icon-list-item\">\n<div class=\"qodef-icon-list-icon-holder\">\n<div class=\"qodef-icon-list-icon-holder-inner clearfix\"><i class=\"qodef-icon-font-awesome fa fa-check-circle\">\u00a0<\/i><\/div>\n<\/div>\n<p class=\"qodef-icon-list-text\"><a href=\"https:\/\/www.leanovia.com\/fr\/conseil\/tests-non-regression-de-performances-application-site-web-infras\/\">Ma\u00eetrise des risques SI<\/a> :<br \/>\nS\u2019assurer de mani\u00e8re proactive que votre S.I. pourra absorber sans risque de r\u00e9gressions le rythme toujours croissant des changements et des innovations,<\/p>\n<\/div>\n<div class=\"qodef-icon-list-item\">\n<div class=\"qodef-icon-list-icon-holder\">\n<div class=\"qodef-icon-list-icon-holder-inner clearfix\"><i class=\"qodef-icon-font-awesome fa fa-check-circle\">\u00a0<\/i><\/div>\n<\/div>\n<p class=\"qodef-icon-list-text\"><a href=\"https:\/\/www.leanovia.com\/fr\/conseil\/apm-rum-real-user-monitoring-site-web-application\/\">Optimisation de l\u2019exp\u00e9rience utilisateur<\/a> :<br \/>\nGarantir une satisfaction de vos utilisateurs via la performance r\u00e9ellement ressentie par ceux-ci.<\/p>\n<\/div>\n<p>[\/vc_column_text][\/vc_column][vc_column width=\u00a0\u00bb1\/2&Prime;][vc_single_image image=\u00a0\u00bb3952&Prime; img_size=\u00a0\u00bbfull\u00a0\u00bb alignment=\u00a0\u00bbcenter\u00a0\u00bb][\/vc_column][\/vc_row]<\/p>\n","protected":false},"excerpt":{"rendered":"<p>[vc_row el_class=\u00a0\u00bbtop-padding-row bottom-padding-row\u00a0\u00bb][vc_column width=\u00a0\u00bb1\/2&Prime;][vc_column_text]LEANOVIA vous propose 4 offres de conseil distinctes : \u00a0 Audit de performance : Assembler les expertises requises pour adresser de mani\u00e8re transverse vos probl\u00e9matiques de performance les plus complexes, \u00a0 Accompagnement de la croissance : S\u2019assurer que la performance de votre&#8230;<\/p>\n","protected":false},"author":1,"featured_media":0,"parent":0,"menu_order":0,"comment_status":"closed","ping_status":"closed","template":"","meta":[],"yoast_head":"<!-- This site is optimized with the Yoast SEO plugin v15.1.1 - https:\/\/yoast.com\/wordpress\/plugins\/seo\/ -->\n<title>Notre offre Conseil - LEANOVIA<\/title>\n<meta name=\"description\" content=\"Un service \u00e0 tr\u00e8s forte valeur ajout\u00e9e, d\u00e9di\u00e9 au succ\u00e8s de votre business gr\u00e2ce \u00e0 la Performance IT.\" \/>\n<meta name=\"robots\" content=\"index, follow, max-snippet:-1, max-image-preview:large, max-video-preview:-1\" \/>\n<link rel=\"canonical\" href=\"https:\/\/www.leanovia.com\/fr\/conseil\/\" \/>\n<script type=\"application\/ld+json\" class=\"yoast-schema-graph\">{\"@context\":\"https:\/\/schema.org\",\"@graph\":[{\"@type\":\"WebSite\",\"@id\":\"https:\/\/www.leanovia.com\/fr\/#website\",\"url\":\"https:\/\/www.leanovia.com\/fr\/\",\"name\":\"LEANOVIA\",\"description\":\"IT Performance Experts\",\"potentialAction\":[{\"@type\":\"SearchAction\",\"target\":\"https:\/\/www.leanovia.com\/fr\/?s={search_term_string}\",\"query-input\":\"required name=search_term_string\"}],\"inLanguage\":\"fr-FR\"},{\"@type\":\"WebPage\",\"@id\":\"https:\/\/www.leanovia.com\/fr\/conseil\/#webpage\",\"url\":\"https:\/\/www.leanovia.com\/fr\/conseil\/\",\"name\":\"Notre offre Conseil - LEANOVIA\",\"isPartOf\":{\"@id\":\"https:\/\/www.leanovia.com\/fr\/#website\"},\"datePublished\":\"2016-02-08T18:06:44+00:00\",\"dateModified\":\"2020-10-21T15:17:54+00:00\",\"description\":\"Un service \\u00e0 tr\\u00e8s forte valeur ajout\\u00e9e, d\\u00e9di\\u00e9 au succ\\u00e8s de votre business gr\\u00e2ce \\u00e0 la Performance IT.\",\"inLanguage\":\"fr-FR\",\"potentialAction\":[{\"@type\":\"ReadAction\",\"target\":[\"https:\/\/www.leanovia.com\/fr\/conseil\/\"]}]}]}<\/script>\n<!-- \/ Yoast SEO plugin. -->","_links":{"self":[{"href":"https:\/\/www.leanovia.com\/fr\/wp-json\/wp\/v2\/pages\/3243"}],"collection":[{"href":"https:\/\/www.leanovia.com\/fr\/wp-json\/wp\/v2\/pages"}],"about":[{"href":"https:\/\/www.leanovia.com\/fr\/wp-json\/wp\/v2\/types\/page"}],"author":[{"embeddable":true,"href":"https:\/\/www.leanovia.com\/fr\/wp-json\/wp\/v2\/users\/1"}],"replies":[{"embeddable":true,"href":"https:\/\/www.leanovia.com\/fr\/wp-json\/wp\/v2\/comments?post=3243"}],"version-history":[{"count":4,"href":"https:\/\/www.leanovia.com\/fr\/wp-json\/wp\/v2\/pages\/3243\/revisions"}],"predecessor-version":[{"id":4263,"href":"https:\/\/www.leanovia.com\/fr\/wp-json\/wp\/v2\/pages\/3243\/revisions\/4263"}],"wp:attachment":[{"href":"https:\/\/www.leanovia.com\/fr\/wp-json\/wp\/v2\/media?parent=3243"}],"curies":[{"name":"wp","href":"https:\/\/api.w.org\/{rel}","templated":true}]}}