{"id":3246,"date":"2016-02-08T19:29:38","date_gmt":"2016-02-08T18:29:38","guid":{"rendered":"http:\/\/www.leanovia.com\/?page_id=3246"},"modified":"2016-09-27T21:03:08","modified_gmt":"2016-09-27T20:03:08","slug":"audit-performances-applications-site-web-infrastructures","status":"publish","type":"page","link":"https:\/\/www.leanovia.com\/fr\/conseil\/audit-performances-applications-site-web-infrastructures\/","title":{"rendered":"L\u2019audit de performance : un avis ext\u00e9rieur et des r\u00e9ponses \u00e0 vos enjeux"},"content":{"rendered":"<p>[vc_row content_width=\u00a0\u00bbgrid\u00a0\u00bb][vc_column][vc_column_text]<\/p>\n<h2 style=\"text-align: center;\">Vos enjeux<\/h2>\n<p>[\/vc_column_text][\/vc_column][\/vc_row][vc_row content_width=\u00a0\u00bbgrid\u00a0\u00bb el_class=\u00a0\u00bbbottom-padding-row\u00a0\u00bb][vc_column width=\u00a0\u00bb1\/2&Prime;][vc_column_text]<\/p>\n<div class=\"clearfix\">\n<div>\n<p>Bien s\u00fbr, vous voulez assurer les meilleurs temps de r\u00e9ponse pour les utilisateurs de votre Syst\u00e8me d\u2019Information ! Mais de nombreuses questions surgissent le long du chemin, comme par exemple :<\/p>\n<div class=\"qodef-icon-list-item\">\n<div class=\"qodef-icon-list-icon-holder\">\n<div class=\"qodef-icon-list-icon-holder-inner clearfix\"><i class=\"qodef-icon-font-awesome fa fa-check-circle\">\u00a0<\/i><\/div>\n<\/div>\n<p class=\"qodef-icon-list-text\">On nous dit que les infrastructures d\u00e9ploy\u00e9es sont les meilleures disponibles, et pourtant les applications en Production sont\u00a0<strong>beaucoup plus lentes<\/strong> qu\u2019en Recette et les utilisateurs se plaignent. Quelles sont les solutions ?<\/p>\n<\/div>\n<div class=\"qodef-icon-list-item\">\n<div class=\"qodef-icon-list-icon-holder\">\n<div class=\"qodef-icon-list-icon-holder-inner clearfix\"><i class=\"qodef-icon-font-awesome fa fa-check-circle\">\u00a0<\/i><\/div>\n<\/div>\n<p class=\"qodef-icon-list-text\">Les d\u00e9veloppeurs disent que tout est OK, mais le site Web manifeste p\u00e9riodiquement des lenteurs embarrassantes. Pourquoi ? Est-on s\u00fbr que l\u2019application est-elle <strong>correctement optimis\u00e9e<\/strong> ?<\/p>\n<\/div>\n<div class=\"qodef-icon-list-item\">\n<div class=\"qodef-icon-list-icon-holder\">\n<div class=\"qodef-icon-list-icon-holder-inner clearfix\"><i class=\"qodef-icon-font-awesome fa fa-check-circle\">\u00a0<\/i><\/div>\n<\/div>\n<p class=\"qodef-icon-list-text\">Vos co\u00fbts en bande passante atteignent des niveaux d\u00e9mesur\u00e9s, mais le site Web approche de la <strong>saturation<\/strong> \u2013 quelles sont les options disponibles ? Faut-il externaliser l\u2019h\u00e9bergement des applications ? Souscrire un CDN (Content Delivery Network) ? Passer au Cloud ?<\/p>\n<\/div>\n<p>En somme, est-ce que les <strong>moyens n\u00e9cessaires<\/strong> ont \u00e9t\u00e9 mis en oeuvre pour assurer les meilleures performances de vos applications ou de votre site Web ? Les bonnes pratiques ont-elles \u00e9t\u00e9 respect\u00e9es ?<\/p>\n<\/div>\n<\/div>\n<p>[\/vc_column_text][\/vc_column][vc_column width=\u00a0\u00bb1\/2&Prime; css=\u00a0\u00bb.vc_custom_1457604820107{padding-top: 0px !important;padding-bottom: 0px !important;}\u00a0\u00bb][vc_single_image image=\u00a0\u00bb3826&Prime; img_size=\u00a0\u00bbfull\u00a0\u00bb alignment=\u00a0\u00bbcenter\u00a0\u00bb css=\u00a0\u00bb.vc_custom_1465907733683{padding-right: 5% !important;padding-left: 5% !important;}\u00a0\u00bb][\/vc_column][\/vc_row][vc_row content_width=\u00a0\u00bbgrid\u00a0\u00bb el_class=\u00a0\u00bbtop-padding-row\u00a0\u00bb css=\u00a0\u00bb.vc_custom_1455710044915{background-color: #f3f3f3 !important;}\u00a0\u00bb][vc_column][vc_column_text]<\/p>\n<h2 style=\"text-align: center;\">La r\u00e9ponse LEANOVIA<\/h2>\n<p>[\/vc_column_text][\/vc_column][\/vc_row][vc_row content_width=\u00a0\u00bbgrid\u00a0\u00bb el_class=\u00a0\u00bbbottom-padding-row\u00a0\u00bb css=\u00a0\u00bb.vc_custom_1455710031388{background-color: #f3f3f3 !important;}\u00a0\u00bb][vc_column width=\u00a0\u00bb1\/2&Prime;][vc_single_image image=\u00a0\u00bb3900&Prime; img_size=\u00a0\u00bblarge\u00a0\u00bb alignment=\u00a0\u00bbcenter\u00a0\u00bb css=\u00a0\u00bb.vc_custom_1466686308348{padding-right: 15% !important;padding-left: 15% !important;}\u00a0\u00bb][\/vc_column][vc_column width=\u00a0\u00bb1\/2&Prime;][vc_column_text]Nous vous apportons un <strong>avis ext\u00e9rieur<\/strong> ind\u00e9pendant, et une <strong>expertise pointue<\/strong>, sur les enjeux et les solutions pour assurer la performance de vos sites Web et applications.<\/p>\n<p>Nos audits prennent une forme vari\u00e9e selon les sp\u00e9cificit\u00e9s de chaque projet et de chaque client, mais peuvent aborder les aspects suivants par exemple :<\/p>\n<div class=\"qodef-icon-list-item\">\n<div class=\"qodef-icon-list-icon-holder\">\n<div class=\"qodef-icon-list-icon-holder-inner clearfix\"><i class=\"qodef-icon-font-awesome fa fa-check-circle\">\u00a0<\/i><\/div>\n<\/div>\n<p class=\"qodef-icon-list-text\">L\u2019interview des parties prenantes,<\/p>\n<\/div>\n<div class=\"qodef-icon-list-item\">\n<div class=\"qodef-icon-list-icon-holder\">\n<div class=\"qodef-icon-list-icon-holder-inner clearfix\"><i class=\"qodef-icon-font-awesome fa fa-check-circle\">\u00a0<\/i><\/div>\n<\/div>\n<p class=\"qodef-icon-list-text\">Une analyse documentaire,<\/p>\n<\/div>\n<div class=\"qodef-icon-list-item\">\n<div class=\"qodef-icon-list-icon-holder\">\n<div class=\"qodef-icon-list-icon-holder-inner clearfix\"><i class=\"qodef-icon-font-awesome fa fa-check-circle\">\u00a0<\/i><\/div>\n<\/div>\n<p class=\"qodef-icon-list-text\">L\u2019audit de composants techniques et applicatifs,<\/p>\n<\/div>\n<div class=\"qodef-icon-list-item\">\n<div class=\"qodef-icon-list-icon-holder\">\n<div class=\"qodef-icon-list-icon-holder-inner clearfix\"><i class=\"qodef-icon-font-awesome fa fa-check-circle\">\u00a0<\/i><\/div>\n<\/div>\n<p class=\"qodef-icon-list-text\">Une prise de recul par rapport aux processus organisationnels en place,<\/p>\n<\/div>\n<div class=\"qodef-icon-list-item\">\n<div class=\"qodef-icon-list-icon-holder\">\n<div class=\"qodef-icon-list-icon-holder-inner clearfix\"><i class=\"qodef-icon-font-awesome fa fa-check-circle\">\u00a0<\/i><\/div>\n<\/div>\n<p class=\"qodef-icon-list-text\">Une comparaison avec les Best Practices pertinentes (selon le probl\u00e8me pos\u00e9).<\/p>\n<\/div>\n<p>Dans tous les cas, notre objectif est de vous apporter des r\u00e9ponses, et d\u2019aboutir \u00e0 un <strong>plan d\u2019am\u00e9liorations pragmatique<\/strong> soigneusement align\u00e9 sur <strong>vos priorit\u00e9s<\/strong>.[\/vc_column_text][\/vc_column][\/vc_row]<\/p>\n","protected":false},"excerpt":{"rendered":"<p>[vc_row content_width=\u00a0\u00bbgrid\u00a0\u00bb][vc_column][vc_column_text] Vos enjeux [\/vc_column_text][\/vc_column][\/vc_row][vc_row content_width=\u00a0\u00bbgrid\u00a0\u00bb el_class=\u00a0\u00bbbottom-padding-row\u00a0\u00bb][vc_column width=\u00a0\u00bb1\/2&Prime;][vc_column_text] Bien s\u00fbr, vous voulez assurer les meilleurs temps de r\u00e9ponse pour les utilisateurs de votre Syst\u00e8me d\u2019Information ! Mais de nombreuses questions surgissent le long du chemin, comme par exemple : \u00a0 On nous dit que les&#8230;<\/p>\n","protected":false},"author":1,"featured_media":0,"parent":3243,"menu_order":0,"comment_status":"closed","ping_status":"closed","template":"full-width.php","meta":[],"yoast_head":"<!-- This site is optimized with the Yoast SEO plugin v15.1.1 - https:\/\/yoast.com\/wordpress\/plugins\/seo\/ -->\n<title>Audit performances de vos applications - LEANOVIA<\/title>\n<meta name=\"description\" content=\"Des probl\u00e8mes de performances sur votre site Web ou vos applications ? Trouvez pourquoi et adoptez les bonnes pratiques gr\u00e2ce \u00e0 un audit par leanovia.\" \/>\n<meta name=\"robots\" content=\"index, follow, max-snippet:-1, max-image-preview:large, max-video-preview:-1\" \/>\n<link rel=\"canonical\" href=\"https:\/\/www.leanovia.com\/fr\/conseil\/audit-performances-applications-site-web-infrastructures\/\" \/>\n<script type=\"application\/ld+json\" class=\"yoast-schema-graph\">{\"@context\":\"https:\/\/schema.org\",\"@graph\":[{\"@type\":\"WebSite\",\"@id\":\"https:\/\/www.leanovia.com\/fr\/#website\",\"url\":\"https:\/\/www.leanovia.com\/fr\/\",\"name\":\"LEANOVIA\",\"description\":\"IT Performance Experts\",\"potentialAction\":[{\"@type\":\"SearchAction\",\"target\":\"https:\/\/www.leanovia.com\/fr\/?s={search_term_string}\",\"query-input\":\"required name=search_term_string\"}],\"inLanguage\":\"fr-FR\"},{\"@type\":\"WebPage\",\"@id\":\"https:\/\/www.leanovia.com\/fr\/conseil\/audit-performances-applications-site-web-infrastructures\/#webpage\",\"url\":\"https:\/\/www.leanovia.com\/fr\/conseil\/audit-performances-applications-site-web-infrastructures\/\",\"name\":\"Audit performances de vos applications - LEANOVIA\",\"isPartOf\":{\"@id\":\"https:\/\/www.leanovia.com\/fr\/#website\"},\"datePublished\":\"2016-02-08T18:29:38+00:00\",\"dateModified\":\"2016-09-27T20:03:08+00:00\",\"description\":\"Des probl\\u00e8mes de performances sur votre site Web ou vos applications ? Trouvez pourquoi et adoptez les bonnes pratiques gr\\u00e2ce \\u00e0 un audit par leanovia.\",\"inLanguage\":\"fr-FR\",\"potentialAction\":[{\"@type\":\"ReadAction\",\"target\":[\"https:\/\/www.leanovia.com\/fr\/conseil\/audit-performances-applications-site-web-infrastructures\/\"]}]}]}<\/script>\n<!-- \/ Yoast SEO plugin. -->","_links":{"self":[{"href":"https:\/\/www.leanovia.com\/fr\/wp-json\/wp\/v2\/pages\/3246"}],"collection":[{"href":"https:\/\/www.leanovia.com\/fr\/wp-json\/wp\/v2\/pages"}],"about":[{"href":"https:\/\/www.leanovia.com\/fr\/wp-json\/wp\/v2\/types\/page"}],"author":[{"embeddable":true,"href":"https:\/\/www.leanovia.com\/fr\/wp-json\/wp\/v2\/users\/1"}],"replies":[{"embeddable":true,"href":"https:\/\/www.leanovia.com\/fr\/wp-json\/wp\/v2\/comments?post=3246"}],"version-history":[{"count":36,"href":"https:\/\/www.leanovia.com\/fr\/wp-json\/wp\/v2\/pages\/3246\/revisions"}],"predecessor-version":[{"id":3901,"href":"https:\/\/www.leanovia.com\/fr\/wp-json\/wp\/v2\/pages\/3246\/revisions\/3901"}],"up":[{"embeddable":true,"href":"https:\/\/www.leanovia.com\/fr\/wp-json\/wp\/v2\/pages\/3243"}],"wp:attachment":[{"href":"https:\/\/www.leanovia.com\/fr\/wp-json\/wp\/v2\/media?parent=3246"}],"curies":[{"name":"wp","href":"https:\/\/api.w.org\/{rel}","templated":true}]}}