{"id":3250,"date":"2016-02-08T19:37:16","date_gmt":"2016-02-08T18:37:16","guid":{"rendered":"http:\/\/www.leanovia.com\/?page_id=3250"},"modified":"2016-10-03T16:45:35","modified_gmt":"2016-10-03T15:45:35","slug":"gestion-croissance-pics-trafic-site-web-application","status":"publish","type":"page","link":"https:\/\/www.leanovia.com\/fr\/conseil\/gestion-croissance-pics-trafic-site-web-application\/","title":{"rendered":"G\u00e9rer la croissance et les pics de charge"},"content":{"rendered":"<p>[vc_row content_width=\u00a0\u00bbgrid\u00a0\u00bb][vc_column][vc_column_text]<\/p>\n<h2 style=\"text-align: center;\">Vos enjeux<\/h2>\n<p>[\/vc_column_text][\/vc_column][\/vc_row][vc_row content_width=\u00a0\u00bbgrid\u00a0\u00bb el_class=\u00a0\u00bbbottom-padding-row\u00a0\u00bb][vc_column width=\u00a0\u00bb1\/2&Prime;][vc_column_text]L\u2019activit\u00e9 de votre entreprise, de son site Web, ou de ses applications informatiques, n\u2019est ni r\u00e9guli\u00e8re ni statique. Au contraire, elle est par exemple amen\u00e9e \u00e0 :<\/p>\n<div class=\"qodef-icon-list-item\">\n<div class=\"qodef-icon-list-icon-holder\">\n<div class=\"qodef-icon-list-icon-holder-inner clearfix\"><i class=\"qodef-icon-font-awesome fa fa-check-circle\">\u00a0<\/i><\/div>\n<\/div>\n<p class=\"qodef-icon-list-text\">Cro\u00eetre en fonction de vos <strong>objectifs de vente<\/strong> et de promotions,<\/p>\n<\/div>\n<div class=\"qodef-icon-list-item\">\n<div class=\"qodef-icon-list-icon-holder\">\n<div class=\"qodef-icon-list-icon-holder-inner clearfix\"><i class=\"qodef-icon-font-awesome fa fa-check-circle\">\u00a0<\/i><\/div>\n<\/div>\n<p class=\"qodef-icon-list-text\">Faire l\u2019objet de <strong>pics saisonniers d\u2019activit\u00e9<\/strong>,<\/p>\n<\/div>\n<div class=\"qodef-icon-list-item\">\n<div class=\"qodef-icon-list-icon-holder\">\n<div class=\"qodef-icon-list-icon-holder-inner clearfix\"><i class=\"qodef-icon-font-awesome fa fa-check-circle\">\u00a0<\/i><\/div>\n<\/div>\n<p class=\"qodef-icon-list-text\">\u00catre soudainement tir\u00e9e par le march\u00e9 suite \u00e0 un \u201cbuzz\u201d (<strong>communication virale<\/strong> sur Internet\u2026)<\/p>\n<\/div>\n<p>[\/vc_column_text][vc_single_image image=\u00a0\u00bb3834&Prime; img_size=\u00a0\u00bbfull\u00a0\u00bb alignment=\u00a0\u00bbcenter\u00a0\u00bb css=\u00a0\u00bb.vc_custom_1465907866071{padding-top: 20px !important;padding-bottom: 20px !important;}\u00a0\u00bb][\/vc_column][vc_column width=\u00a0\u00bb1\/2&Prime;][vc_column_text]Il est donc vital que vos syst\u00e8mes informatiques (applications, infrastructures, site Web\u2026) soient d\u2019une <strong>robustesse \u00e0 toute \u00e9preuve\u00a0<\/strong>pour accompagner sans faille votre business dans cette augmentation d\u2019activit\u00e9.<\/p>\n<p>Et celle-ci peut avoir des impacts \u00e0 plusieurs niveaux, comme par exemple :<\/p>\n<div class=\"qodef-icon-list-item\">\n<div class=\"qodef-icon-list-icon-holder\">\n<div class=\"qodef-icon-list-icon-holder-inner clearfix\"><i class=\"qodef-icon-font-awesome fa fa-check-circle\">\u00a0<\/i><\/div>\n<\/div>\n<p class=\"qodef-icon-list-text\">L\u2019afflux d\u2019utilisateurs, ou de visiteurs, <strong>sature l\u2019infrastructure r\u00e9seau<\/strong> et la bande passante disponible,<\/p>\n<\/div>\n<div class=\"qodef-icon-list-item\">\n<div class=\"qodef-icon-list-icon-holder\">\n<div class=\"qodef-icon-list-icon-holder-inner clearfix\"><i class=\"qodef-icon-font-awesome fa fa-check-circle\">\u00a0<\/i><\/div>\n<\/div>\n<p class=\"qodef-icon-list-text\">Votre base de donn\u00e9es Clients <strong>augmente de volume<\/strong>, les performances de votre CRM diminuent drastiquement, et le Centre d\u2019Appels peine \u00e0 satisfaire\u00a0les appels t\u00e9l\u00e9phoniques,<\/p>\n<\/div>\n<div class=\"qodef-icon-list-item\">\n<div class=\"qodef-icon-list-icon-holder\">\n<div class=\"qodef-icon-list-icon-holder-inner clearfix\"><i class=\"qodef-icon-font-awesome fa fa-check-circle\">\u00a0<\/i><\/div>\n<\/div>\n<p class=\"qodef-icon-list-text\">Votre campagne marketing (e-mailing, publicit\u00e9 TV) a tant de succ\u00e8s que, sous la charge, votre site Web <strong>ne r\u00e9pond plus<\/strong>.<\/p>\n<\/div>\n<p>Alors n\u2019attendez pas la \u201ccrise de croissance\u201d, et pr\u00e9parez-vous ![\/vc_column_text][\/vc_column][\/vc_row][vc_row content_width=\u00a0\u00bbgrid\u00a0\u00bb el_class=\u00a0\u00bbtop-padding-row\u00a0\u00bb css=\u00a0\u00bb.vc_custom_1455710089660{background-color: #f3f3f3 !important;}\u00a0\u00bb][vc_column][vc_column_text]<\/p>\n<h2 style=\"text-align: center;\">La r\u00e9ponse LEANOVIA<\/h2>\n<p>[\/vc_column_text][\/vc_column][\/vc_row][vc_row content_width=\u00a0\u00bbgrid\u00a0\u00bb el_class=\u00a0\u00bbbottom-padding-row\u00a0\u00bb css=\u00a0\u00bb.vc_custom_1455710121272{background-color: #f3f3f3 !important;}\u00a0\u00bb][vc_column width=\u00a0\u00bb1\/2&Prime;][vc_column_text]<\/p>\n<div>\n<p>LEANOVIA vous aide gr\u00e2ce \u00e0 une approche globale des <a href=\"https:\/\/www.leanovia.com\/fr\/expertise\/tests-de-charge-diagnostic-optimisation-site-web-application\/\">tests de performance\u00a0du SI<\/a>\u00a0:<\/p>\n<div class=\"qodef-icon-list-item\">\n<div class=\"qodef-icon-list-icon-holder\">\n<div class=\"qodef-icon-list-icon-holder-inner clearfix\"><i class=\"qodef-icon-font-awesome fa fa-check-circle\">\u00a0<\/i><\/div>\n<\/div>\n<p class=\"qodef-icon-list-text\"><strong>Mod\u00e9lisation de votre activit\u00e9<\/strong> (sc\u00e9narios fonctionnels de navigation dans les applications, nombre d\u2019utilisateurs, objectifs de charge \u00e0 tenir),<\/p>\n<\/div>\n<div class=\"qodef-icon-list-item\">\n<div class=\"qodef-icon-list-icon-holder\">\n<div class=\"qodef-icon-list-icon-holder-inner clearfix\"><i class=\"qodef-icon-font-awesome fa fa-check-circle\">\u00a0<\/i><\/div>\n<\/div>\n<p class=\"qodef-icon-list-text\"><strong>G\u00e9n\u00e9ration de jeux de donn\u00e9es<\/strong> pour simuler la croissance des bases SQL,<\/p>\n<\/div>\n<div class=\"qodef-icon-list-item\">\n<div class=\"qodef-icon-list-icon-holder\">\n<div class=\"qodef-icon-list-icon-holder-inner clearfix\"><i class=\"qodef-icon-font-awesome fa fa-check-circle\">\u00a0<\/i><\/div>\n<\/div>\n<p class=\"qodef-icon-list-text\"><strong>Simulation de l\u2019activit\u00e9 utilisateurs<\/strong> via des tests de mont\u00e9e en charge,<\/p>\n<\/div>\n<div class=\"qodef-icon-list-item\">\n<div class=\"qodef-icon-list-icon-holder\">\n<div class=\"qodef-icon-list-icon-holder-inner clearfix\"><i class=\"qodef-icon-font-awesome fa fa-check-circle\">\u00a0<\/i><\/div>\n<\/div>\n<p class=\"qodef-icon-list-text\"><strong>Instrumentation et monitoring<\/strong> des applications et des infrastructures,<\/p>\n<\/div>\n<div class=\"qodef-icon-list-item\">\n<div class=\"qodef-icon-list-icon-holder\">\n<div class=\"qodef-icon-list-icon-holder-inner clearfix\"><i class=\"qodef-icon-font-awesome fa fa-check-circle\">\u00a0<\/i><\/div>\n<\/div>\n<p class=\"qodef-icon-list-text\">Identification des <strong>goulets d\u2019\u00e9tranglement<\/strong> susceptibles d\u2019impacter la satisfaction de vos utilisateurs, et Capacity Planning,<\/p>\n<\/div>\n<div class=\"qodef-icon-list-item\">\n<div class=\"qodef-icon-list-icon-holder\">\n<div class=\"qodef-icon-list-icon-holder-inner clearfix\"><i class=\"qodef-icon-font-awesome fa fa-check-circle\">\u00a0<\/i><\/div>\n<\/div>\n<p class=\"qodef-icon-list-text\">Recommandation concr\u00e8te d\u2019un <strong>plan d\u2019am\u00e9liorations<\/strong>, que ce soit pour optimiser les applications, votre site Web, ou encore les infrastructures syst\u00e8mes, base de donn\u00e9es, r\u00e9seau, et CDN (Content Delivery Network).<\/p>\n<\/div>\n<p>Nous vous apportons \u00e9galement une <strong>assistance r\u00e9active<\/strong> pour\u00a0<a title=\"Rem\u00e9dier efficacement aux incidents de Production\" href=\"https:\/\/www.leanovia.com\/fr\/expertise\/diagnostic-performances-incident-production\/\">diagnostiquer et r\u00e9soudre vos incidents de performance en Production<\/a>.<\/p>\n<\/div>\n<p>[\/vc_column_text][\/vc_column][vc_column width=\u00a0\u00bb1\/2&Prime;][vc_single_image image=\u00a0\u00bb3836&Prime; img_size=\u00a0\u00bbfull\u00a0\u00bb alignment=\u00a0\u00bbcenter\u00a0\u00bb css=\u00a0\u00bb.vc_custom_1465907950588{padding-top: 70px !important;padding-right: 5% !important;padding-left: 5% !important;}\u00a0\u00bb][\/vc_column][\/vc_row]<\/p>\n","protected":false},"excerpt":{"rendered":"<p>[vc_row content_width=\u00a0\u00bbgrid\u00a0\u00bb][vc_column][vc_column_text] Vos enjeux [\/vc_column_text][\/vc_column][\/vc_row][vc_row content_width=\u00a0\u00bbgrid\u00a0\u00bb el_class=\u00a0\u00bbbottom-padding-row\u00a0\u00bb][vc_column width=\u00a0\u00bb1\/2&Prime;][vc_column_text]L\u2019activit\u00e9 de votre entreprise, de son site Web, ou de ses applications informatiques, n\u2019est ni r\u00e9guli\u00e8re ni statique. Au contraire, elle est par exemple amen\u00e9e \u00e0 : \u00a0 Cro\u00eetre en fonction de vos objectifs de vente et de&#8230;<\/p>\n","protected":false},"author":1,"featured_media":0,"parent":3243,"menu_order":0,"comment_status":"closed","ping_status":"closed","template":"full-width.php","meta":[],"yoast_head":"<!-- This site is optimized with the Yoast SEO plugin v15.1.1 - https:\/\/yoast.com\/wordpress\/plugins\/seo\/ -->\n<title>G\u00e9rer les pics de trafic et la croissance - LEANOVIA<\/title>\n<meta name=\"description\" content=\"Absorbez sereinement l\u2019impact de vos campagnes et la croissance de votre activit\u00e9, avec LEANOVIA et la haute performance IT.\" \/>\n<meta name=\"robots\" content=\"index, follow, max-snippet:-1, max-image-preview:large, max-video-preview:-1\" \/>\n<link rel=\"canonical\" href=\"https:\/\/www.leanovia.com\/fr\/conseil\/gestion-croissance-pics-trafic-site-web-application\/\" \/>\n<script type=\"application\/ld+json\" class=\"yoast-schema-graph\">{\"@context\":\"https:\/\/schema.org\",\"@graph\":[{\"@type\":\"WebSite\",\"@id\":\"https:\/\/www.leanovia.com\/fr\/#website\",\"url\":\"https:\/\/www.leanovia.com\/fr\/\",\"name\":\"LEANOVIA\",\"description\":\"IT Performance Experts\",\"potentialAction\":[{\"@type\":\"SearchAction\",\"target\":\"https:\/\/www.leanovia.com\/fr\/?s={search_term_string}\",\"query-input\":\"required name=search_term_string\"}],\"inLanguage\":\"fr-FR\"},{\"@type\":\"WebPage\",\"@id\":\"https:\/\/www.leanovia.com\/fr\/conseil\/gestion-croissance-pics-trafic-site-web-application\/#webpage\",\"url\":\"https:\/\/www.leanovia.com\/fr\/conseil\/gestion-croissance-pics-trafic-site-web-application\/\",\"name\":\"G\\u00e9rer les pics de trafic et la croissance - LEANOVIA\",\"isPartOf\":{\"@id\":\"https:\/\/www.leanovia.com\/fr\/#website\"},\"datePublished\":\"2016-02-08T18:37:16+00:00\",\"dateModified\":\"2016-10-03T15:45:35+00:00\",\"description\":\"Absorbez sereinement l\\u2019impact de vos campagnes et la croissance de votre activit\\u00e9, avec LEANOVIA et la haute performance IT.\",\"inLanguage\":\"fr-FR\",\"potentialAction\":[{\"@type\":\"ReadAction\",\"target\":[\"https:\/\/www.leanovia.com\/fr\/conseil\/gestion-croissance-pics-trafic-site-web-application\/\"]}]}]}<\/script>\n<!-- \/ Yoast SEO plugin. -->","_links":{"self":[{"href":"https:\/\/www.leanovia.com\/fr\/wp-json\/wp\/v2\/pages\/3250"}],"collection":[{"href":"https:\/\/www.leanovia.com\/fr\/wp-json\/wp\/v2\/pages"}],"about":[{"href":"https:\/\/www.leanovia.com\/fr\/wp-json\/wp\/v2\/types\/page"}],"author":[{"embeddable":true,"href":"https:\/\/www.leanovia.com\/fr\/wp-json\/wp\/v2\/users\/1"}],"replies":[{"embeddable":true,"href":"https:\/\/www.leanovia.com\/fr\/wp-json\/wp\/v2\/comments?post=3250"}],"version-history":[{"count":19,"href":"https:\/\/www.leanovia.com\/fr\/wp-json\/wp\/v2\/pages\/3250\/revisions"}],"predecessor-version":[{"id":3838,"href":"https:\/\/www.leanovia.com\/fr\/wp-json\/wp\/v2\/pages\/3250\/revisions\/3838"}],"up":[{"embeddable":true,"href":"https:\/\/www.leanovia.com\/fr\/wp-json\/wp\/v2\/pages\/3243"}],"wp:attachment":[{"href":"https:\/\/www.leanovia.com\/fr\/wp-json\/wp\/v2\/media?parent=3250"}],"curies":[{"name":"wp","href":"https:\/\/api.w.org\/{rel}","templated":true}]}}