{"id":3255,"date":"2016-02-08T19:46:00","date_gmt":"2016-02-08T18:46:00","guid":{"rendered":"http:\/\/www.leanovia.com\/?page_id=3255"},"modified":"2016-09-27T21:04:14","modified_gmt":"2016-09-27T20:04:14","slug":"tests-non-regression-de-performances-application-site-web-infras","status":"publish","type":"page","link":"https:\/\/www.leanovia.com\/fr\/conseil\/tests-non-regression-de-performances-application-site-web-infras\/","title":{"rendered":"R\u00e9duire les risques, et ma\u00eetriser les impacts des changements"},"content":{"rendered":"<p>[vc_row content_width=\u00a0\u00bbgrid\u00a0\u00bb][vc_column][vc_column_text]<\/p>\n<h2 style=\"text-align: center;\">Vos enjeux<\/h2>\n<p>[\/vc_column_text][\/vc_column][\/vc_row][vc_row content_width=\u00a0\u00bbgrid\u00a0\u00bb el_class=\u00a0\u00bbbottom-padding-row\u00a0\u00bb][vc_column width=\u00a0\u00bb1\/2&Prime;][vc_column_text]Vos applications, votre site Web, et vos infrastructures \u00e9voluent en permanence\u00a0:<\/p>\n<div class=\"qodef-icon-list-item\">\n<div class=\"qodef-icon-list-icon-holder\">\n<div class=\"qodef-icon-list-icon-holder-inner clearfix\"><i class=\"qodef-icon-font-awesome fa fa-check-circle\">\u00a0<\/i><\/div>\n<\/div>\n<p class=\"qodef-icon-list-text\">Tout d\u2019abord pour introduire de <strong>nouvelles fonctionnalit\u00e9s\u00a0<\/strong>innovantes, <strong>s\u2019adapter<\/strong> aux \u00e9volutions du march\u00e9 ou des cadres r\u00e9glementaires, apporter une meilleure satisfaction \u00e0 vos utilisateurs\u2026<\/p>\n<\/div>\n<div class=\"qodef-icon-list-item\">\n<div class=\"qodef-icon-list-icon-holder\">\n<div class=\"qodef-icon-list-icon-holder-inner clearfix\"><i class=\"qodef-icon-font-awesome fa fa-check-circle\">\u00a0<\/i><\/div>\n<\/div>\n<p class=\"qodef-icon-list-text\">Mais aussi parce que <strong>l\u2019obsolescence technologique<\/strong> vous am\u00e8ne in\u00e9vitablement \u00e0 devoir remplacer ou faire \u00e9voluer les mat\u00e9riels, les syst\u00e8mes d\u2019exploitation, les composants middleware\u2026<\/p>\n<\/div>\n<p>[\/vc_column_text][\/vc_column][vc_column width=\u00a0\u00bb1\/2&Prime;][vc_column_text]Le changement est donc une certitude.<br \/>\nMais il est \u00e9galement <strong>porteur de risques<\/strong> :<\/p>\n<div class=\"qodef-icon-list-item\">\n<div class=\"qodef-icon-list-icon-holder\">\n<div class=\"qodef-icon-list-icon-holder-inner clearfix\"><i class=\"qodef-icon-font-awesome fa fa-check-circle\">\u00a0<\/i><\/div>\n<\/div>\n<p class=\"qodef-icon-list-text\">\u00cates-vous s\u00fbrs que la performance sera toujours au rendez-vous ?<\/p>\n<\/div>\n<div class=\"qodef-icon-list-item\">\n<div class=\"qodef-icon-list-icon-holder\">\n<div class=\"qodef-icon-list-icon-holder-inner clearfix\"><i class=\"qodef-icon-font-awesome fa fa-check-circle\">\u00a0<\/i><\/div>\n<\/div>\n<p class=\"qodef-icon-list-text\">Comment r\u00e9agiront les utilisateurs de vos applications, les visiteurs de votre site Web, si des <strong>lenteurs<\/strong> ou des <strong>instabilit\u00e9s<\/strong> apparaissent ?<\/p>\n<\/div>\n<div class=\"qodef-icon-list-item\">\n<div class=\"qodef-icon-list-icon-holder\">\n<div class=\"qodef-icon-list-icon-holder-inner clearfix\"><i class=\"qodef-icon-font-awesome fa fa-check-circle\">\u00a0<\/i><\/div>\n<\/div>\n<p class=\"qodef-icon-list-text\">Combien de temps vous faudra-t-il pour sortir du \u201cmode crise\u201d si vous n\u2019avez pas anticip\u00e9 les impacts ou si les causes de votre\u00a0<strong>r\u00e9gression de performance<\/strong> sont inconnues ?<\/p>\n<\/div>\n<p>[\/vc_column_text][\/vc_column][\/vc_row][vc_row content_width=\u00a0\u00bbgrid\u00a0\u00bb el_class=\u00a0\u00bbtop-padding-row\u00a0\u00bb css=\u00a0\u00bb.vc_custom_1455710317711{background-color: #f3f3f3 !important;}\u00a0\u00bb][vc_column][vc_column_text]<\/p>\n<h2 style=\"text-align: center;\">La r\u00e9ponse LEANOVIA<\/h2>\n<p>[\/vc_column_text][\/vc_column][\/vc_row][vc_row content_width=\u00a0\u00bbgrid\u00a0\u00bb el_class=\u00a0\u00bbbottom-padding-row\u00a0\u00bb css=\u00a0\u00bb.vc_custom_1455710323714{background-color: #f3f3f3 !important;}\u00a0\u00bb][vc_column width=\u00a0\u00bb1\/2&Prime;][vc_column_text]Nous pouvons vous aider \u00e0 :<\/p>\n<div class=\"qodef-icon-list-item\">\n<div class=\"qodef-icon-list-icon-holder\">\n<div class=\"qodef-icon-list-icon-holder-inner clearfix\"><i class=\"qodef-icon-font-awesome fa fa-check-circle\">\u00a0<\/i><\/div>\n<\/div>\n<p class=\"qodef-icon-list-text\"><strong>R\u00e9duire les risques de r\u00e9gressions<\/strong>, en organisant et en prenant en charge le processus de <a title=\"Qualification de la performance\" href=\"https:\/\/www.leanovia.com\/fr\/expertise\/tests-de-charge-diagnostic-optimisation-site-web-application\/\">qualification de la performance<\/a>. En particulier si vous sous-traitez votre maintenance \u00e0 une TMA (Tierce Maintenance Applicative), nous pouvons r\u00e9aliser vos <strong>Recettes de Performance<\/strong> et tester chaque version en parall\u00e8le des Recettes Fonctionnelles.<\/p>\n<\/div>\n<div class=\"qodef-icon-list-item\">\n<div class=\"qodef-icon-list-icon-holder\">\n<div class=\"qodef-icon-list-icon-holder-inner clearfix\"><i class=\"qodef-icon-font-awesome fa fa-check-circle\">\u00a0<\/i><\/div>\n<\/div>\n<p class=\"qodef-icon-list-text\"><strong>Acc\u00e9l\u00e9rer le Time-to-Market<\/strong>, en optimisant la couverture de tests gr\u00e2ce \u00e0 l\u2019int\u00e9gration continue,<\/p>\n<\/div>\n<div class=\"qodef-icon-list-item\">\n<div class=\"qodef-icon-list-icon-holder\">\n<div class=\"qodef-icon-list-icon-holder-inner clearfix\"><i class=\"qodef-icon-font-awesome fa fa-check-circle\">\u00a0<\/i><\/div>\n<\/div>\n<p class=\"qodef-icon-list-text\">Mesurer et <strong>am\u00e9liorer la qualit\u00e9 de votre code<\/strong>, via une industrialisation des d\u00e9veloppements,<\/p>\n<\/div>\n<div class=\"qodef-icon-list-item\">\n<div class=\"qodef-icon-list-icon-holder\">\n<div class=\"qodef-icon-list-icon-holder-inner clearfix\"><i class=\"qodef-icon-font-awesome fa fa-check-circle\">\u00a0<\/i><\/div>\n<\/div>\n<p class=\"qodef-icon-list-text\">Au final, <strong>r\u00e9duire le co\u00fbt de la performance<\/strong>, car plus une anomalie est d\u00e9couverte t\u00f4t dans le cycle de d\u00e9veloppement, moins il vous co\u00fbtera de la corriger !<\/p>\n<\/div>\n<p>[\/vc_column_text][\/vc_column][vc_column width=\u00a0\u00bb1\/2&Prime;][vc_single_image image=\u00a0\u00bb3839&Prime; img_size=\u00a0\u00bbfull\u00a0\u00bb alignment=\u00a0\u00bbcenter\u00a0\u00bb css=\u00a0\u00bb.vc_custom_1465908038803{padding-top: 20px !important;padding-right: 5% !important;padding-bottom: 20px !important;padding-left: 5% !important;}\u00a0\u00bb][\/vc_column][\/vc_row]<\/p>\n","protected":false},"excerpt":{"rendered":"<p>[vc_row content_width=\u00a0\u00bbgrid\u00a0\u00bb][vc_column][vc_column_text] Vos enjeux [\/vc_column_text][\/vc_column][\/vc_row][vc_row content_width=\u00a0\u00bbgrid\u00a0\u00bb el_class=\u00a0\u00bbbottom-padding-row\u00a0\u00bb][vc_column width=\u00a0\u00bb1\/2&Prime;][vc_column_text]Vos applications, votre site Web, et vos infrastructures \u00e9voluent en permanence\u00a0: \u00a0 Tout d\u2019abord pour introduire de nouvelles fonctionnalit\u00e9s\u00a0innovantes, s\u2019adapter aux \u00e9volutions du march\u00e9 ou des cadres r\u00e9glementaires, apporter une meilleure satisfaction \u00e0 vos utilisateurs\u2026 \u00a0 Mais aussi&#8230;<\/p>\n","protected":false},"author":1,"featured_media":0,"parent":3243,"menu_order":0,"comment_status":"closed","ping_status":"closed","template":"full-width.php","meta":[],"yoast_head":"<!-- This site is optimized with the Yoast SEO plugin v15.1.1 - https:\/\/yoast.com\/wordpress\/plugins\/seo\/ -->\n<title>R\u00e9duire les risques des changements - LEANOVIA<\/title>\n<meta name=\"description\" content=\"Ne conduisez pas vos \u00e9volutions les yeux ferm\u00e9s ! Assurez-vous avec LEANOVIA que la satisfaction utilisateurs reste au rendez-vous.\" \/>\n<meta name=\"robots\" content=\"index, follow, max-snippet:-1, max-image-preview:large, max-video-preview:-1\" \/>\n<link rel=\"canonical\" href=\"https:\/\/www.leanovia.com\/fr\/conseil\/tests-non-regression-de-performances-application-site-web-infras\/\" \/>\n<script type=\"application\/ld+json\" class=\"yoast-schema-graph\">{\"@context\":\"https:\/\/schema.org\",\"@graph\":[{\"@type\":\"WebSite\",\"@id\":\"https:\/\/www.leanovia.com\/fr\/#website\",\"url\":\"https:\/\/www.leanovia.com\/fr\/\",\"name\":\"LEANOVIA\",\"description\":\"IT Performance Experts\",\"potentialAction\":[{\"@type\":\"SearchAction\",\"target\":\"https:\/\/www.leanovia.com\/fr\/?s={search_term_string}\",\"query-input\":\"required name=search_term_string\"}],\"inLanguage\":\"fr-FR\"},{\"@type\":\"WebPage\",\"@id\":\"https:\/\/www.leanovia.com\/fr\/conseil\/tests-non-regression-de-performances-application-site-web-infras\/#webpage\",\"url\":\"https:\/\/www.leanovia.com\/fr\/conseil\/tests-non-regression-de-performances-application-site-web-infras\/\",\"name\":\"R\\u00e9duire les risques des changements - LEANOVIA\",\"isPartOf\":{\"@id\":\"https:\/\/www.leanovia.com\/fr\/#website\"},\"datePublished\":\"2016-02-08T18:46:00+00:00\",\"dateModified\":\"2016-09-27T20:04:14+00:00\",\"description\":\"Ne conduisez pas vos \\u00e9volutions les yeux ferm\\u00e9s ! Assurez-vous avec LEANOVIA que la satisfaction utilisateurs reste au rendez-vous.\",\"inLanguage\":\"fr-FR\",\"potentialAction\":[{\"@type\":\"ReadAction\",\"target\":[\"https:\/\/www.leanovia.com\/fr\/conseil\/tests-non-regression-de-performances-application-site-web-infras\/\"]}]}]}<\/script>\n<!-- \/ Yoast SEO plugin. -->","_links":{"self":[{"href":"https:\/\/www.leanovia.com\/fr\/wp-json\/wp\/v2\/pages\/3255"}],"collection":[{"href":"https:\/\/www.leanovia.com\/fr\/wp-json\/wp\/v2\/pages"}],"about":[{"href":"https:\/\/www.leanovia.com\/fr\/wp-json\/wp\/v2\/types\/page"}],"author":[{"embeddable":true,"href":"https:\/\/www.leanovia.com\/fr\/wp-json\/wp\/v2\/users\/1"}],"replies":[{"embeddable":true,"href":"https:\/\/www.leanovia.com\/fr\/wp-json\/wp\/v2\/comments?post=3255"}],"version-history":[{"count":14,"href":"https:\/\/www.leanovia.com\/fr\/wp-json\/wp\/v2\/pages\/3255\/revisions"}],"predecessor-version":[{"id":3841,"href":"https:\/\/www.leanovia.com\/fr\/wp-json\/wp\/v2\/pages\/3255\/revisions\/3841"}],"up":[{"embeddable":true,"href":"https:\/\/www.leanovia.com\/fr\/wp-json\/wp\/v2\/pages\/3243"}],"wp:attachment":[{"href":"https:\/\/www.leanovia.com\/fr\/wp-json\/wp\/v2\/media?parent=3255"}],"curies":[{"name":"wp","href":"https:\/\/api.w.org\/{rel}","templated":true}]}}