{"id":3258,"date":"2016-02-08T19:50:55","date_gmt":"2016-02-08T18:50:55","guid":{"rendered":"http:\/\/www.leanovia.com\/?page_id=3258"},"modified":"2016-09-27T21:03:34","modified_gmt":"2016-09-27T20:03:34","slug":"apm-rum-real-user-monitoring-site-web-application","status":"publish","type":"page","link":"https:\/\/www.leanovia.com\/fr\/conseil\/apm-rum-real-user-monitoring-site-web-application\/","title":{"rendered":"Optimiser l&rsquo;exp\u00e9rience utilisateur"},"content":{"rendered":"<p>[vc_row content_width=\u00a0\u00bbgrid\u00a0\u00bb][vc_column][vc_column_text]<\/p>\n<h2 style=\"text-align: center;\">Vos enjeux<\/h2>\n<p>[\/vc_column_text][\/vc_column][\/vc_row][vc_row content_width=\u00a0\u00bbgrid\u00a0\u00bb el_class=\u00a0\u00bbbottom-padding-row\u00a0\u00bb][vc_column width=\u00a0\u00bb1\/2&Prime;][vc_column_text]Les utilisateurs de vos applications sont-ils satisfaits des temps de r\u00e9ponse ? Les visiteurs de votre site Web abandonnent-ils leur navigation parce que le site est <strong>trop lent<\/strong> ? Sans <strong>supervision des performances<\/strong> avec des\u00a0tableaux de bord adapt\u00e9s, vous ne le savez pas.[\/vc_column_text][vc_single_image image=\u00a0\u00bb3842&Prime; img_size=\u00a0\u00bbfull\u00a0\u00bb alignment=\u00a0\u00bbcenter\u00a0\u00bb css=\u00a0\u00bb.vc_custom_1465908125438{padding-top: 20px !important;padding-bottom: 20px !important;}\u00a0\u00bb][\/vc_column][vc_column width=\u00a0\u00bb1\/2&Prime;][vc_column_text]Vous avez peut-\u00eatre conduit des tests de performance \u201cen laboratoire\u201d, c\u2019est bien ! Mais dans la r\u00e9alit\u00e9 cela ne suffit pas, car les temps de r\u00e9ponse <strong>per\u00e7us par les utilisateurs r\u00e9els<\/strong> d\u00e9pendent aussi :<\/p>\n<div class=\"qodef-icon-list-item\">\n<div class=\"qodef-icon-list-icon-holder\">\n<div class=\"qodef-icon-list-icon-holder-inner clearfix\"><i class=\"qodef-icon-font-awesome fa fa-check-circle\">\u00a0<\/i><\/div>\n<\/div>\n<p class=\"qodef-icon-list-text\">Du <strong>r\u00e9seau Internet<\/strong> et des op\u00e9rateurs T\u00e9l\u00e9com qui le composent,<\/p>\n<\/div>\n<div class=\"qodef-icon-list-item\">\n<div class=\"qodef-icon-list-icon-holder\">\n<div class=\"qodef-icon-list-icon-holder-inner clearfix\"><i class=\"qodef-icon-font-awesome fa fa-check-circle\">\u00a0<\/i><\/div>\n<\/div>\n<p class=\"qodef-icon-list-text\">De leur <strong>localisation g\u00e9ographique<\/strong> (Internet en France m\u00e9tropolitaine n\u2019est pas le m\u00eame qu\u2019en Guadeloupe ou en Chine),<\/p>\n<\/div>\n<div class=\"qodef-icon-list-item\">\n<div class=\"qodef-icon-list-icon-holder\">\n<div class=\"qodef-icon-list-icon-holder-inner clearfix\"><i class=\"qodef-icon-font-awesome fa fa-check-circle\">\u00a0<\/i><\/div>\n<\/div>\n<p class=\"qodef-icon-list-text\">Des performances de leur fournisseur d\u2019acc\u00e8s\u2026 et du v\u00f4tre,<\/p>\n<\/div>\n<div class=\"qodef-icon-list-item\">\n<div class=\"qodef-icon-list-icon-holder\">\n<div class=\"qodef-icon-list-icon-holder-inner clearfix\"><i class=\"qodef-icon-font-awesome fa fa-check-circle\">\u00a0<\/i><\/div>\n<\/div>\n<p class=\"qodef-icon-list-text\">De la <strong>construction des pages Web<\/strong> (HTML),<\/p>\n<\/div>\n<div class=\"qodef-icon-list-item\">\n<div class=\"qodef-icon-list-icon-holder\">\n<div class=\"qodef-icon-list-icon-holder-inner clearfix\"><i class=\"qodef-icon-font-awesome fa fa-check-circle\">\u00a0<\/i><\/div>\n<\/div>\n<p class=\"qodef-icon-list-text\">De la \u201clourdeur\u201d des m\u00e9dias qui figurent sur les pages (<strong>images, vid\u00e9os<\/strong>),<\/p>\n<\/div>\n<div class=\"qodef-icon-list-item\">\n<div class=\"qodef-icon-list-icon-holder\">\n<div class=\"qodef-icon-list-icon-holder-inner clearfix\"><i class=\"qodef-icon-font-awesome fa fa-check-circle\">\u00a0<\/i><\/div>\n<\/div>\n<p class=\"qodef-icon-list-text\">Du param\u00e9trage du serveur Web et de l\u2019utilisation du <strong>cache navigateur<\/strong>,<\/p>\n<\/div>\n<div class=\"qodef-icon-list-item\">\n<div class=\"qodef-icon-list-icon-holder\">\n<div class=\"qodef-icon-list-icon-holder-inner clearfix\"><i class=\"qodef-icon-font-awesome fa fa-check-circle\">\u00a0<\/i><\/div>\n<\/div>\n<p class=\"qodef-icon-list-text\">De l\u2019impl\u00e9mentation du CDN (<strong>Content Delivery Network<\/strong>) si vous en utilisez un,<\/p>\n<\/div>\n<div class=\"qodef-icon-list-item\">\n<div class=\"qodef-icon-list-icon-holder\">\n<div class=\"qodef-icon-list-icon-holder-inner clearfix\"><i class=\"qodef-icon-font-awesome fa fa-check-circle\">\u00a0<\/i><\/div>\n<\/div>\n<p class=\"qodef-icon-list-text\">Du type de navigateur et des ressources de l\u2019ordinateur utilis\u00e9.<\/p>\n<\/div>\n<p>[\/vc_column_text][\/vc_column][\/vc_row][vc_row content_width=\u00a0\u00bbgrid\u00a0\u00bb el_class=\u00a0\u00bbtop-padding-row\u00a0\u00bb css=\u00a0\u00bb.vc_custom_1455721097255{background-color: #f3f3f3 !important;}\u00a0\u00bb][vc_column][vc_column_text]<\/p>\n<h2 style=\"text-align: center;\">La r\u00e9ponse LEANOVIA<\/h2>\n<p>[\/vc_column_text][\/vc_column][\/vc_row][vc_row content_width=\u00a0\u00bbgrid\u00a0\u00bb el_class=\u00a0\u00bbbottom-padding-row\u00a0\u00bb css=\u00a0\u00bb.vc_custom_1455721104460{background-color: #f3f3f3 !important;}\u00a0\u00bb][vc_column width=\u00a0\u00bb1\/2&Prime;][vc_column_text]Nous vous permettons de mesurer la <strong>perception r\u00e9elle<\/strong> qu\u2019ont vos utilisateurs de votre site Web ou de vos applications, en vous aidant \u00e0 mettre en oeuvre par exemple :<\/p>\n<div class=\"qodef-icon-list-item\">\n<div class=\"qodef-icon-list-icon-holder\">\n<div class=\"qodef-icon-list-icon-holder-inner clearfix\"><i class=\"qodef-icon-font-awesome fa fa-check-circle\">\u00a0<\/i><\/div>\n<\/div>\n<p class=\"qodef-icon-list-text\">Une mesure des <strong>temps de r\u00e9ponse sur le navigateur<\/strong> (quelles sont les performances r\u00e9elles per\u00e7ues par 100% de vos utilisateurs),<\/p>\n<\/div>\n<div class=\"qodef-icon-list-item\">\n<div class=\"qodef-icon-list-icon-holder\">\n<div class=\"qodef-icon-list-icon-holder-inner clearfix\"><i class=\"qodef-icon-font-awesome fa fa-check-circle\">\u00a0<\/i><\/div>\n<\/div>\n<p class=\"qodef-icon-list-text\">Une <strong>mesure en entr\u00e9e du datacenter<\/strong> via une sonde ou<em>\u201cappliance\u201d<\/em> r\u00e9seau (quelles sont les performances de tous les flux applicatifs),<\/p>\n<\/div>\n<div class=\"qodef-icon-list-item\">\n<div class=\"qodef-icon-list-icon-holder\">\n<div class=\"qodef-icon-list-icon-holder-inner clearfix\"><i class=\"qodef-icon-font-awesome fa fa-check-circle\">\u00a0<\/i><\/div>\n<\/div>\n<p class=\"qodef-icon-list-text\">Une <strong>supervision active<\/strong> par automate (pour des analyses plus fines de type \u201cdiagramme <em>waterfall\u201d<\/em> notamment au niveau CDN),<\/p>\n<\/div>\n<p>et ainsi identifier des <strong>plans d\u2019am\u00e9liorations<\/strong> \u00e0 tous niveaux de l\u2019architecture de bout en bout : pages Web, application, plate-forme serveurs, infrastructure r\u00e9seau, et CDN.[\/vc_column_text][\/vc_column][vc_column width=\u00a0\u00bb1\/2&Prime;][vc_single_image image=\u00a0\u00bb3764&Prime; img_size=\u00a0\u00bbfull\u00a0\u00bb alignment=\u00a0\u00bbcenter\u00a0\u00bb css=\u00a0\u00bb.vc_custom_1457605132715{padding-top: 0px !important;padding-bottom: 0px !important;}\u00a0\u00bb][\/vc_column][\/vc_row]<\/p>\n","protected":false},"excerpt":{"rendered":"<p>[vc_row content_width=\u00a0\u00bbgrid\u00a0\u00bb][vc_column][vc_column_text] Vos enjeux [\/vc_column_text][\/vc_column][\/vc_row][vc_row content_width=\u00a0\u00bbgrid\u00a0\u00bb el_class=\u00a0\u00bbbottom-padding-row\u00a0\u00bb][vc_column width=\u00a0\u00bb1\/2&Prime;][vc_column_text]Les utilisateurs de vos applications sont-ils satisfaits des temps de r\u00e9ponse ? Les visiteurs de votre site Web abandonnent-ils leur navigation parce que le site est trop lent ? Sans supervision des performances avec des\u00a0tableaux de bord adapt\u00e9s,&#8230;<\/p>\n","protected":false},"author":1,"featured_media":0,"parent":3243,"menu_order":0,"comment_status":"closed","ping_status":"closed","template":"full-width.php","meta":[],"yoast_head":"<!-- This site is optimized with the Yoast SEO plugin v15.1.1 - https:\/\/yoast.com\/wordpress\/plugins\/seo\/ -->\n<title>Optimiser l\u2019exp\u00e9rience utilisateur - LEANOVIA<\/title>\n<meta name=\"description\" content=\"Satisfaits ? M\u00e9contents ? Comment r\u00e9agissent vos utilisateurs ? V\u00e9rifiez avec LEANOVIA et le Real User Monitoring.\" \/>\n<meta name=\"robots\" content=\"index, follow, max-snippet:-1, max-image-preview:large, max-video-preview:-1\" \/>\n<link rel=\"canonical\" href=\"https:\/\/www.leanovia.com\/fr\/conseil\/apm-rum-real-user-monitoring-site-web-application\/\" \/>\n<script type=\"application\/ld+json\" class=\"yoast-schema-graph\">{\"@context\":\"https:\/\/schema.org\",\"@graph\":[{\"@type\":\"WebSite\",\"@id\":\"https:\/\/www.leanovia.com\/fr\/#website\",\"url\":\"https:\/\/www.leanovia.com\/fr\/\",\"name\":\"LEANOVIA\",\"description\":\"IT Performance Experts\",\"potentialAction\":[{\"@type\":\"SearchAction\",\"target\":\"https:\/\/www.leanovia.com\/fr\/?s={search_term_string}\",\"query-input\":\"required name=search_term_string\"}],\"inLanguage\":\"fr-FR\"},{\"@type\":\"WebPage\",\"@id\":\"https:\/\/www.leanovia.com\/fr\/conseil\/apm-rum-real-user-monitoring-site-web-application\/#webpage\",\"url\":\"https:\/\/www.leanovia.com\/fr\/conseil\/apm-rum-real-user-monitoring-site-web-application\/\",\"name\":\"Optimiser l\\u2019exp\\u00e9rience utilisateur - LEANOVIA\",\"isPartOf\":{\"@id\":\"https:\/\/www.leanovia.com\/fr\/#website\"},\"datePublished\":\"2016-02-08T18:50:55+00:00\",\"dateModified\":\"2016-09-27T20:03:34+00:00\",\"description\":\"Satisfaits ? M\\u00e9contents ? Comment r\\u00e9agissent vos utilisateurs ? V\\u00e9rifiez avec LEANOVIA et le Real User Monitoring.\",\"inLanguage\":\"fr-FR\",\"potentialAction\":[{\"@type\":\"ReadAction\",\"target\":[\"https:\/\/www.leanovia.com\/fr\/conseil\/apm-rum-real-user-monitoring-site-web-application\/\"]}]}]}<\/script>\n<!-- \/ Yoast SEO plugin. -->","_links":{"self":[{"href":"https:\/\/www.leanovia.com\/fr\/wp-json\/wp\/v2\/pages\/3258"}],"collection":[{"href":"https:\/\/www.leanovia.com\/fr\/wp-json\/wp\/v2\/pages"}],"about":[{"href":"https:\/\/www.leanovia.com\/fr\/wp-json\/wp\/v2\/types\/page"}],"author":[{"embeddable":true,"href":"https:\/\/www.leanovia.com\/fr\/wp-json\/wp\/v2\/users\/1"}],"replies":[{"embeddable":true,"href":"https:\/\/www.leanovia.com\/fr\/wp-json\/wp\/v2\/comments?post=3258"}],"version-history":[{"count":13,"href":"https:\/\/www.leanovia.com\/fr\/wp-json\/wp\/v2\/pages\/3258\/revisions"}],"predecessor-version":[{"id":3843,"href":"https:\/\/www.leanovia.com\/fr\/wp-json\/wp\/v2\/pages\/3258\/revisions\/3843"}],"up":[{"embeddable":true,"href":"https:\/\/www.leanovia.com\/fr\/wp-json\/wp\/v2\/pages\/3243"}],"wp:attachment":[{"href":"https:\/\/www.leanovia.com\/fr\/wp-json\/wp\/v2\/media?parent=3258"}],"curies":[{"name":"wp","href":"https:\/\/api.w.org\/{rel}","templated":true}]}}