{"id":3263,"date":"2016-02-08T20:41:27","date_gmt":"2016-02-08T19:41:27","guid":{"rendered":"http:\/\/www.leanovia.com\/?page_id=3263"},"modified":"2016-09-27T21:08:42","modified_gmt":"2016-09-27T20:08:42","slug":"tests-de-charge-diagnostic-optimisation-site-web-application","status":"publish","type":"page","link":"https:\/\/www.leanovia.com\/fr\/expertise\/tests-de-charge-diagnostic-optimisation-site-web-application\/","title":{"rendered":"Tests de performance Web et applicatifs"},"content":{"rendered":"<p>[vc_row content_width=\u00a0\u00bbgrid\u00a0\u00bb][vc_column][vc_column_text]<\/p>\n<h2 style=\"text-align: center;\">Pour assurer le succ\u00e8s de vos projets<\/h2>\n<p>[\/vc_column_text][\/vc_column][\/vc_row][vc_row content_width=\u00a0\u00bbgrid\u00a0\u00bb el_class=\u00a0\u00bbbottom-padding-row\u00a0\u00bb][vc_column width=\u00a0\u00bb1\/2&Prime;][vc_column_text]La qualification de la performance est une d\u00e9marche pro-active pour vous aider \u00e0 livrer vos projets applicatifs et Web\u2026 en temps et en heure bien s\u00fbr, mais aussi et surtout <strong>avec de bonnes performances<\/strong> !<\/p>\n<p>Les objectifs et les situations peuvent varier\u00a0:<\/p>\n<div class=\"qodef-icon-list-item\">\n<div class=\"qodef-icon-list-icon-holder\">\n<div class=\"qodef-icon-list-icon-holder-inner clearfix\"><i class=\"qodef-icon-font-awesome fa fa-check-circle\">\u00a0<\/i><\/div>\n<\/div>\n<p class=\"qodef-icon-list-text\"><strong>En phase projet<\/strong> : vous souhaitez valider les performances d\u2019un nouveau syst\u00e8me (encore en d\u00e9veloppement), lorsqu\u2019il est soumis \u00e0 la charge attendue en Production,<\/p>\n<\/div>\n<div class=\"qodef-icon-list-item\">\n<div class=\"qodef-icon-list-icon-holder\">\n<div class=\"qodef-icon-list-icon-holder-inner clearfix\"><i class=\"qodef-icon-font-awesome fa fa-check-circle\">\u00a0<\/i><\/div>\n<\/div>\n<p class=\"qodef-icon-list-text\"><strong>En phase maintenance<\/strong> : vous avez d\u00e9velopp\u00e9 une nouvelle version d\u2019application et cherchez \u00e0 v\u00e9rifier qu\u2019il n\u2019y aura pas de r\u00e9gression de performances,<\/p>\n<\/div>\n<div class=\"qodef-icon-list-item\">\n<div class=\"qodef-icon-list-icon-holder\">\n<div class=\"qodef-icon-list-icon-holder-inner clearfix\"><i class=\"qodef-icon-font-awesome fa fa-check-circle\">\u00a0<\/i><\/div>\n<\/div>\n<p class=\"qodef-icon-list-text\">Lors d\u2019une <strong>\u00e9volution des infrastructures<\/strong>, par exemple en rempla\u00e7ant du mat\u00e9riel ou en introduisant un syst\u00e8me de serveurs caches <em>(Content Delivery Network)<\/em> : vous souhaitez vous assurer des am\u00e9liorations apport\u00e9es.<\/p>\n<\/div>\n<p>Dans tous les cas, vous cherchez \u00e0 anticiper les probl\u00e8mes de performances car,\u00a0identifi\u00e9s le plus t\u00f4t\u00a0possible, ils co\u00fbtent moins cher \u00e0 corriger (pour la plus grande satisfaction de vos utilisateurs).<\/p>\n<div class=\"qodef-icon-list-item\"><\/div>\n<p>[\/vc_column_text][\/vc_column][vc_column width=\u00a0\u00bb1\/2&Prime;][vc_single_image image=\u00a0\u00bb3937&Prime; img_size=\u00a0\u00bbfull\u00a0\u00bb alignment=\u00a0\u00bbcenter\u00a0\u00bb css=\u00a0\u00bb.vc_custom_1467896623872{padding-top: 50px !important;padding-right: 5% !important;padding-left: 5% !important;}\u00a0\u00bb][\/vc_column][\/vc_row][vc_row content_width=\u00a0\u00bbgrid\u00a0\u00bb el_class=\u00a0\u00bbtop-padding-row\u00a0\u00bb css=\u00a0\u00bb.vc_custom_1455719707922{background-color: #f3f3f3 !important;}\u00a0\u00bb][vc_column][vc_column_text]<\/p>\n<h2 style=\"text-align: center;\">Le savoir-faire LEANOVIA<\/h2>\n<p>[\/vc_column_text][\/vc_column][\/vc_row][vc_row content_width=\u00a0\u00bbgrid\u00a0\u00bb el_class=\u00a0\u00bbbottom-padding-row\u00a0\u00bb css=\u00a0\u00bb.vc_custom_1455719718031{background-color: #f3f3f3 !important;}\u00a0\u00bb][vc_column width=\u00a0\u00bb1\/2&Prime;][vc_single_image image=\u00a0\u00bb3895&Prime; img_size=\u00a0\u00bbfull\u00a0\u00bb css=\u00a0\u00bb.vc_custom_1466686184741{padding-top: 20px !important;padding-right: 12% !important;padding-left: 12% !important;}\u00a0\u00bb][\/vc_column][vc_column width=\u00a0\u00bb1\/2&Prime;][vc_column_text]Nos consultants vous accompagnent dans un processus m\u00e9thodique de\u00a0<strong>tests de charge<\/strong> et de qualification de la performance, qui se d\u00e9cline typiquement en quatre \u00e9tapes principales :<\/p>\n<div class=\"qodef-icon-list-item\">\n<div class=\"qodef-icon-list-icon-holder\">\n<div class=\"qodef-icon-list-icon-holder-inner clearfix\"><span class=\"qodef-icon-circle\">1<\/span><\/div>\n<\/div>\n<p class=\"qodef-icon-list-text\"><strong>Mod\u00e9lisation<\/strong> de votre activit\u00e9,<\/p>\n<\/div>\n<div class=\"qodef-icon-list-item\">\n<div class=\"qodef-icon-list-icon-holder\">\n<div class=\"qodef-icon-list-icon-holder-inner clearfix\"><span class=\"qodef-icon-circle\">2<\/span><\/div>\n<\/div>\n<p class=\"qodef-icon-list-text\"><strong>Impl\u00e9mentation<\/strong> des tests de charge et des outils de mesure,<\/p>\n<\/div>\n<div class=\"qodef-icon-list-item\">\n<div class=\"qodef-icon-list-icon-holder\">\n<div class=\"qodef-icon-list-icon-holder-inner clearfix\"><span class=\"qodef-icon-circle\">3<\/span><\/div>\n<\/div>\n<p class=\"qodef-icon-list-text\"><strong>Ex\u00e9cution et Analyse<\/strong> des tests de mont\u00e9e en charge, ou de traitements batchs,<\/p>\n<\/div>\n<div class=\"qodef-icon-list-item\">\n<div class=\"qodef-icon-list-icon-holder\">\n<div class=\"qodef-icon-list-icon-holder-inner clearfix\"><span class=\"qodef-icon-circle\">4<\/span><\/div>\n<\/div>\n<p class=\"qodef-icon-list-text\"><strong>Bilan &amp; Pr\u00e9conisations<\/strong>,<\/p>\n<\/div>\n<p>que nous aurons le plaisir de pouvoir vous <a title=\"Contact\" href=\"https:\/\/www.leanovia.com\/fr\/contact\/\">exposer plus en d\u00e9tail<\/a>.<\/p>\n<h4>Exemples de qualification de performance<\/h4>\n<blockquote class=\"qodef-blockquote-shortcode\">\n<div class=\"qodef-blockquote-text\"><em>\u00ab Le syst\u00e8me peut-il tenir la charge de 5000 utilisateurs simultan\u00e9s tout en respectant les SLA ? \u00bb<\/em><br \/>\n<em>\u00ab La base de donn\u00e9es contiendra 100 000 clients suppl\u00e9mentaires l\u2019ann\u00e9e prochaine. Quels impacts sur la performance des syst\u00e8mes ? \u00bb<\/em><\/div>\n<\/blockquote>\n<p>[\/vc_column_text][\/vc_column][\/vc_row]<\/p>\n","protected":false},"excerpt":{"rendered":"<p>[vc_row content_width=\u00a0\u00bbgrid\u00a0\u00bb][vc_column][vc_column_text] Pour assurer le succ\u00e8s de vos projets [\/vc_column_text][\/vc_column][\/vc_row][vc_row content_width=\u00a0\u00bbgrid\u00a0\u00bb el_class=\u00a0\u00bbbottom-padding-row\u00a0\u00bb][vc_column width=\u00a0\u00bb1\/2&Prime;][vc_column_text]La qualification de la performance est une d\u00e9marche pro-active pour vous aider \u00e0 livrer vos projets applicatifs et Web\u2026 en temps et en heure bien s\u00fbr, mais aussi et surtout avec de bonnes&#8230;<\/p>\n","protected":false},"author":1,"featured_media":0,"parent":3177,"menu_order":0,"comment_status":"closed","ping_status":"closed","template":"full-width.php","meta":[],"yoast_head":"<!-- This site is optimized with the Yoast SEO plugin v15.1.1 - https:\/\/yoast.com\/wordpress\/plugins\/seo\/ -->\n<title>Tests de performance Web - LEANOVIA<\/title>\n<meta name=\"description\" content=\"Assurez le succ\u00e8s de vos projets Web et applicatifs, avec LEANOVIA et une strat\u00e9gie compl\u00e8te de tests de mont\u00e9e en charge.\" \/>\n<meta name=\"robots\" content=\"index, follow, max-snippet:-1, max-image-preview:large, max-video-preview:-1\" \/>\n<link rel=\"canonical\" href=\"https:\/\/www.leanovia.com\/fr\/expertise\/tests-de-charge-diagnostic-optimisation-site-web-application\/\" \/>\n<script type=\"application\/ld+json\" class=\"yoast-schema-graph\">{\"@context\":\"https:\/\/schema.org\",\"@graph\":[{\"@type\":\"WebSite\",\"@id\":\"https:\/\/www.leanovia.com\/fr\/#website\",\"url\":\"https:\/\/www.leanovia.com\/fr\/\",\"name\":\"LEANOVIA\",\"description\":\"IT Performance Experts\",\"potentialAction\":[{\"@type\":\"SearchAction\",\"target\":\"https:\/\/www.leanovia.com\/fr\/?s={search_term_string}\",\"query-input\":\"required name=search_term_string\"}],\"inLanguage\":\"fr-FR\"},{\"@type\":\"WebPage\",\"@id\":\"https:\/\/www.leanovia.com\/fr\/expertise\/tests-de-charge-diagnostic-optimisation-site-web-application\/#webpage\",\"url\":\"https:\/\/www.leanovia.com\/fr\/expertise\/tests-de-charge-diagnostic-optimisation-site-web-application\/\",\"name\":\"Tests de performance Web - LEANOVIA\",\"isPartOf\":{\"@id\":\"https:\/\/www.leanovia.com\/fr\/#website\"},\"datePublished\":\"2016-02-08T19:41:27+00:00\",\"dateModified\":\"2016-09-27T20:08:42+00:00\",\"description\":\"Assurez le succ\\u00e8s de vos projets Web et applicatifs, avec LEANOVIA et une strat\\u00e9gie compl\\u00e8te de tests de mont\\u00e9e en charge.\",\"inLanguage\":\"fr-FR\",\"potentialAction\":[{\"@type\":\"ReadAction\",\"target\":[\"https:\/\/www.leanovia.com\/fr\/expertise\/tests-de-charge-diagnostic-optimisation-site-web-application\/\"]}]}]}<\/script>\n<!-- \/ Yoast SEO plugin. -->","_links":{"self":[{"href":"https:\/\/www.leanovia.com\/fr\/wp-json\/wp\/v2\/pages\/3263"}],"collection":[{"href":"https:\/\/www.leanovia.com\/fr\/wp-json\/wp\/v2\/pages"}],"about":[{"href":"https:\/\/www.leanovia.com\/fr\/wp-json\/wp\/v2\/types\/page"}],"author":[{"embeddable":true,"href":"https:\/\/www.leanovia.com\/fr\/wp-json\/wp\/v2\/users\/1"}],"replies":[{"embeddable":true,"href":"https:\/\/www.leanovia.com\/fr\/wp-json\/wp\/v2\/comments?post=3263"}],"version-history":[{"count":43,"href":"https:\/\/www.leanovia.com\/fr\/wp-json\/wp\/v2\/pages\/3263\/revisions"}],"predecessor-version":[{"id":3943,"href":"https:\/\/www.leanovia.com\/fr\/wp-json\/wp\/v2\/pages\/3263\/revisions\/3943"}],"up":[{"embeddable":true,"href":"https:\/\/www.leanovia.com\/fr\/wp-json\/wp\/v2\/pages\/3177"}],"wp:attachment":[{"href":"https:\/\/www.leanovia.com\/fr\/wp-json\/wp\/v2\/media?parent=3263"}],"curies":[{"name":"wp","href":"https:\/\/api.w.org\/{rel}","templated":true}]}}