{"id":3270,"date":"2016-02-08T20:52:33","date_gmt":"2016-02-08T19:52:33","guid":{"rendered":"http:\/\/www.leanovia.com\/?page_id=3270"},"modified":"2016-09-27T21:05:59","modified_gmt":"2016-09-27T20:05:59","slug":"architectures-web-hautes-performances","status":"publish","type":"page","link":"https:\/\/www.leanovia.com\/fr\/expertise\/architectures-web-hautes-performances\/","title":{"rendered":"Conception d\u2019architectures Web Hautes Performances"},"content":{"rendered":"<p>[vc_row content_width=\u00a0\u00bbgrid\u00a0\u00bb][vc_column][vc_column_text]<\/p>\n<h2 style=\"text-align: center;\">La performance n\u2019est pas optionnelle<\/h2>\n<p>[\/vc_column_text][\/vc_column][\/vc_row][vc_row content_width=\u00a0\u00bbgrid\u00a0\u00bb el_class=\u00a0\u00bbbottom-padding-row\u00a0\u00bb][vc_column width=\u00a0\u00bb1\/2&Prime;][vc_column_text]La <strong>performance applicative<\/strong> est un facteur crucial dans la r\u00e9ussite d\u2019un projet, ainsi qu\u2019un indicateur majeur de la qualit\u00e9 d\u2019un logiciel. Elle est m\u00eame l\u2019un des crit\u00e8res essentiels de <strong>satisfaction<\/strong> des utilisateurs. En d\u00e9pit de cela, la performance est souvent adress\u00e9e apr\u00e8s la fin du d\u00e9veloppement ou lors d\u2019un incident \u2013 et dans ce cas les co\u00fbts n\u00e9cessaires \u00e0 la r\u00e9solution des anomalies s\u2019en trouvent <strong>d\u00e9multipli\u00e9s<\/strong>\u00a0![\/vc_column_text][vc_single_image image=\u00a0\u00bb3861&Prime; img_size=\u00a0\u00bbfull\u00a0\u00bb alignment=\u00a0\u00bbcenter\u00a0\u00bb css=\u00a0\u00bb.vc_custom_1465908827513{padding-top: 20px !important;padding-right: 20% !important;padding-bottom: 20px !important;padding-left: 20% !important;}\u00a0\u00bb][\/vc_column][vc_column width=\u00a0\u00bb1\/2&Prime;][vc_column_text]De plus, la performance est souvent assimil\u00e9e seulement au temps de r\u00e9ponse d\u2019une fonctionnalit\u00e9. Nous traitons la performance d\u2019une mani\u00e8re plus g\u00e9n\u00e9rale\u00a0: au lieu de r\u00e9duire juste le temps de r\u00e9ponse, nous cherchons \u00e0 optimiser la <strong>capacit\u00e9 d\u2019un syst\u00e8me<\/strong>.<\/p>\n<p>Chez LEANOVIA la performance est prise en compte d\u00e8s la conception de l\u2019application afin de garantir la capacit\u00e9 pr\u00e9vue et future (<strong>scalabilit\u00e9<\/strong>), ainsi que la r\u00e9silience ou tol\u00e9rance aux pannes (<strong>haute disponibilit\u00e9<\/strong>).<\/p>\n<blockquote class=\"qodef-blockquote-shortcode\">\n<div class=\"qodef-blockquote-text\">\n<p>La capacit\u00e9 d\u2019un syst\u00e8me est :<\/p>\n<ul>\n<li>le d\u00e9bit maximum support\u00e9,<\/li>\n<li>pour un niveau de charge donn\u00e9,<\/li>\n<li>tout en maintenant un temps de r\u00e9ponse raisonnable.<\/li>\n<\/ul>\n<h6>\u201cRelease It\u201d (Michael Nygard)<\/h6>\n<\/div>\n<\/blockquote>\n<p>[\/vc_column_text][\/vc_column][\/vc_row][vc_row content_width=\u00a0\u00bbgrid\u00a0\u00bb css=\u00a0\u00bb.vc_custom_1455706994872{background-color: #f3f3f3 !important;}\u00a0\u00bb el_class=\u00a0\u00bbtop-padding-row\u00a0\u00bb][vc_column][vc_column_text]<\/p>\n<h2 style=\"text-align: center;\">Le savoir-faire LEANOVIA<\/h2>\n<p>[\/vc_column_text][\/vc_column][\/vc_row][vc_row content_width=\u00a0\u00bbgrid\u00a0\u00bb css=\u00a0\u00bb.vc_custom_1455707003227{background-color: #f3f3f3 !important;}\u00a0\u00bb el_class=\u00a0\u00bbbottom-padding-row\u00a0\u00bb][vc_column][vc_single_image image=\u00a0\u00bb3863&Prime; img_size=\u00a0\u00bbfull\u00a0\u00bb alignment=\u00a0\u00bbcenter\u00a0\u00bb css=\u00a0\u00bb.vc_custom_1466692459616{margin-top: 20px !important;margin-bottom: 40px !important;padding-right: 9% !important;padding-left: 9% !important;}\u00a0\u00bb][vc_column_text]Nous pouvons vous aider \u00e0 d\u00e9finir l\u2019architecture haute capacit\u00e9 \/ haute performance de votre prochaine application en mettant en oeuvre des bonnes pratiques de conception et de d\u00e9veloppement.<\/p>\n<p>Notre approche vous permettra d\u2019abord de <strong>tenir la charge pr\u00e9vue<\/strong>, pour ensuite monter en charge sans p\u00e9naliser vos utilisateurs, et en m\u00eame temps faire <strong>\u00e9voluer<\/strong> votre application en <strong>minimisant les risques<\/strong> gr\u00e2ce \u00e0 la ma\u00eetrise de la dette technique.<\/p>\n<p>Nous avons une vision de bout en bout des aspects concernant la conception d\u2019une application web\u00a0:<\/p>\n<div class=\"qodef-icon-list-item\">\n<div class=\"qodef-icon-list-icon-holder\">\n<div class=\"qodef-icon-list-icon-holder-inner clearfix\"><i class=\"qodef-icon-font-awesome fa fa-check-circle\">\u00a0<\/i><\/div>\n<\/div>\n<p class=\"qodef-icon-list-text\"><strong>Architecture physique<\/strong> : dimensionnement de l\u2019infrastructure, clustering<\/p>\n<\/div>\n<div class=\"qodef-icon-list-item\">\n<div class=\"qodef-icon-list-icon-holder\">\n<div class=\"qodef-icon-list-icon-holder-inner clearfix\"><i class=\"qodef-icon-font-awesome fa fa-check-circle\">\u00a0<\/i><\/div>\n<\/div>\n<p class=\"qodef-icon-list-text\"><strong>Architecture logicielle<\/strong> : d\u00e9couplage des composants, messagerie asynchrone,<\/p>\n<\/div>\n<div class=\"qodef-icon-list-item\">\n<div class=\"qodef-icon-list-icon-holder\">\n<div class=\"qodef-icon-list-icon-holder-inner clearfix\"><i class=\"qodef-icon-font-awesome fa fa-check-circle\">\u00a0<\/i><\/div>\n<\/div>\n<p class=\"qodef-icon-list-text\"><strong>D\u00e9veloppement<\/strong> : frameworks et librairies, styles de programmation r\u00e9active, mise en place et optimisation des ORM,<\/p>\n<\/div>\n<div class=\"qodef-icon-list-item\">\n<div class=\"qodef-icon-list-icon-holder\">\n<div class=\"qodef-icon-list-icon-holder-inner clearfix\"><i class=\"qodef-icon-font-awesome fa fa-check-circle\">\u00a0<\/i><\/div>\n<\/div>\n<p class=\"qodef-icon-list-text\"><strong>Front-end<\/strong> : optimisation du contenu statique (JavaScript, CSS, images) et de l\u2019utilisation du r\u00e9seau, caching.<\/p>\n<\/div>\n<p class=\"qodef-icon-list-text\">Nos consultants, <strong>certifi\u00e9s Spring et Scrum<\/strong>, vous accompagneront dans la d\u00e9finition de l\u2019architecture et dans le d\u00e9veloppement de votre site Web \u00e0 haute performance.<\/p>\n<p>[\/vc_column_text][\/vc_column][\/vc_row]<\/p>\n","protected":false},"excerpt":{"rendered":"<p>[vc_row content_width=\u00a0\u00bbgrid\u00a0\u00bb][vc_column][vc_column_text] La performance n\u2019est pas optionnelle [\/vc_column_text][\/vc_column][\/vc_row][vc_row content_width=\u00a0\u00bbgrid\u00a0\u00bb el_class=\u00a0\u00bbbottom-padding-row\u00a0\u00bb][vc_column width=\u00a0\u00bb1\/2&Prime;][vc_column_text]La performance applicative est un facteur crucial dans la r\u00e9ussite d\u2019un projet, ainsi qu\u2019un indicateur majeur de la qualit\u00e9 d\u2019un logiciel. Elle est m\u00eame l\u2019un des crit\u00e8res essentiels de satisfaction des utilisateurs. En d\u00e9pit de&#8230;<\/p>\n","protected":false},"author":1,"featured_media":0,"parent":3177,"menu_order":0,"comment_status":"closed","ping_status":"closed","template":"full-width.php","meta":[],"yoast_head":"<!-- This site is optimized with the Yoast SEO plugin v15.1.1 - https:\/\/yoast.com\/wordpress\/plugins\/seo\/ -->\n<title>Architectures Web Hautes Performances - LEANOVIA<\/title>\n<meta name=\"description\" content=\"D\u00e9veloppez vos applications de mani\u00e8re \u00e0 garantir la performance et la haute disponibilit\u00e9 de vos services.\" \/>\n<meta name=\"robots\" content=\"index, follow, max-snippet:-1, max-image-preview:large, max-video-preview:-1\" \/>\n<link rel=\"canonical\" href=\"https:\/\/www.leanovia.com\/fr\/expertise\/architectures-web-hautes-performances\/\" \/>\n<script type=\"application\/ld+json\" class=\"yoast-schema-graph\">{\"@context\":\"https:\/\/schema.org\",\"@graph\":[{\"@type\":\"WebSite\",\"@id\":\"https:\/\/www.leanovia.com\/fr\/#website\",\"url\":\"https:\/\/www.leanovia.com\/fr\/\",\"name\":\"LEANOVIA\",\"description\":\"IT Performance Experts\",\"potentialAction\":[{\"@type\":\"SearchAction\",\"target\":\"https:\/\/www.leanovia.com\/fr\/?s={search_term_string}\",\"query-input\":\"required name=search_term_string\"}],\"inLanguage\":\"fr-FR\"},{\"@type\":\"WebPage\",\"@id\":\"https:\/\/www.leanovia.com\/fr\/expertise\/architectures-web-hautes-performances\/#webpage\",\"url\":\"https:\/\/www.leanovia.com\/fr\/expertise\/architectures-web-hautes-performances\/\",\"name\":\"Architectures Web Hautes Performances - LEANOVIA\",\"isPartOf\":{\"@id\":\"https:\/\/www.leanovia.com\/fr\/#website\"},\"datePublished\":\"2016-02-08T19:52:33+00:00\",\"dateModified\":\"2016-09-27T20:05:59+00:00\",\"description\":\"D\\u00e9veloppez vos applications de mani\\u00e8re \\u00e0 garantir la performance et la haute disponibilit\\u00e9 de vos services.\",\"inLanguage\":\"fr-FR\",\"potentialAction\":[{\"@type\":\"ReadAction\",\"target\":[\"https:\/\/www.leanovia.com\/fr\/expertise\/architectures-web-hautes-performances\/\"]}]}]}<\/script>\n<!-- \/ Yoast SEO plugin. -->","_links":{"self":[{"href":"https:\/\/www.leanovia.com\/fr\/wp-json\/wp\/v2\/pages\/3270"}],"collection":[{"href":"https:\/\/www.leanovia.com\/fr\/wp-json\/wp\/v2\/pages"}],"about":[{"href":"https:\/\/www.leanovia.com\/fr\/wp-json\/wp\/v2\/types\/page"}],"author":[{"embeddable":true,"href":"https:\/\/www.leanovia.com\/fr\/wp-json\/wp\/v2\/users\/1"}],"replies":[{"embeddable":true,"href":"https:\/\/www.leanovia.com\/fr\/wp-json\/wp\/v2\/comments?post=3270"}],"version-history":[{"count":41,"href":"https:\/\/www.leanovia.com\/fr\/wp-json\/wp\/v2\/pages\/3270\/revisions"}],"predecessor-version":[{"id":3921,"href":"https:\/\/www.leanovia.com\/fr\/wp-json\/wp\/v2\/pages\/3270\/revisions\/3921"}],"up":[{"embeddable":true,"href":"https:\/\/www.leanovia.com\/fr\/wp-json\/wp\/v2\/pages\/3177"}],"wp:attachment":[{"href":"https:\/\/www.leanovia.com\/fr\/wp-json\/wp\/v2\/media?parent=3270"}],"curies":[{"name":"wp","href":"https:\/\/api.w.org\/{rel}","templated":true}]}}