{"id":3274,"date":"2016-02-08T20:56:43","date_gmt":"2016-02-08T19:56:43","guid":{"rendered":"http:\/\/www.leanovia.com\/?page_id=3274"},"modified":"2016-09-27T21:08:19","modified_gmt":"2016-09-27T20:08:19","slug":"diagnostic-performances-incident-production","status":"publish","type":"page","link":"https:\/\/www.leanovia.com\/fr\/expertise\/diagnostic-performances-incident-production\/","title":{"rendered":"Rem\u00e9dier efficacement aux incidents de Production"},"content":{"rendered":"<p>[vc_row content_width=\u00a0\u00bbgrid\u00a0\u00bb][vc_column][vc_column_text]<\/p>\n<h2 style=\"text-align: center;\">Les impacts de la performance sur votre image<\/h2>\n<p>[\/vc_column_text][\/vc_column][\/vc_row][vc_row content_width=\u00a0\u00bbgrid\u00a0\u00bb el_class=\u00a0\u00bbbottom-padding-row\u00a0\u00bb][vc_column width=\u00a0\u00bb1\/2&Prime;][vc_column_text]L\u2019enjeu de la performance sur les applications en Production est fondamental :<\/p>\n<div class=\"qodef-icon-list-item\">\n<div class=\"qodef-icon-list-icon-holder\">\n<div class=\"qodef-icon-list-icon-holder-inner clearfix\"><i class=\"qodef-icon-font-awesome fa fa-check-circle\">\u00a0<\/i><\/div>\n<\/div>\n<p class=\"qodef-icon-list-text\">Que pensent les visiteurs de votre site Web s\u2019il est <strong>lent<\/strong> ou pr\u00e9sente r\u00e9guli\u00e8rement des <strong>pages d\u2019erreur<\/strong> ? Si vos utilisateurs se plaignent de lenteurs ou d\u2019instabilit\u00e9s sur vos applications, cela affecte directement votre image.<\/p>\n<\/div>\n<div class=\"qodef-icon-list-item\">\n<div class=\"qodef-icon-list-icon-holder\">\n<div class=\"qodef-icon-list-icon-holder-inner clearfix\"><i class=\"qodef-icon-font-awesome fa fa-check-circle\">\u00a0<\/i><\/div>\n<\/div>\n<p class=\"qodef-icon-list-text\">Que pensent vos partenaires si les \u00e9changes de fichiers EDI prennent du <strong>retard<\/strong> en raison d\u2019un probl\u00e8me de performance des traitements batchs ? Ou si vos Web Services <strong>ne r\u00e9pondent plus\u00a0<\/strong>assez rapidement ?<\/p>\n<\/div>\n<p>R\u00e9soudre ces probl\u00e8mes est une priorit\u00e9, c\u2019est pourquoi LEANOVIA vous propose son expertise en <strong>diagnostic de performance<\/strong> et en <strong>gestion de crise<\/strong>.[\/vc_column_text][\/vc_column][vc_column width=\u00a0\u00bb1\/2&Prime;][vc_single_image image=\u00a0\u00bb3906&Prime; img_size=\u00a0\u00bbfull\u00a0\u00bb alignment=\u00a0\u00bbcenter\u00a0\u00bb css=\u00a0\u00bb.vc_custom_1466686918243{padding-right: 20% !important;padding-bottom: 20px !important;padding-left: 20% !important;}\u00a0\u00bb][\/vc_column][\/vc_row][vc_row content_width=\u00a0\u00bbgrid\u00a0\u00bb css=\u00a0\u00bb.vc_custom_1455720422966{background-color: #f3f3f3 !important;}\u00a0\u00bb el_class=\u00a0\u00bbtop-padding-row\u00a0\u00bb][vc_column][vc_column_text]<\/p>\n<h2 style=\"text-align: center;\">Le savoir-faire LEANOVIA<\/h2>\n<p>[\/vc_column_text][\/vc_column][\/vc_row][vc_row content_width=\u00a0\u00bbgrid\u00a0\u00bb css=\u00a0\u00bb.vc_custom_1455720428899{background-color: #f3f3f3 !important;}\u00a0\u00bb el_class=\u00a0\u00bbbottom-padding-row\u00a0\u00bb][vc_column width=\u00a0\u00bb1\/2&Prime;][vc_single_image image=\u00a0\u00bb3908&Prime; img_size=\u00a0\u00bbfull\u00a0\u00bb alignment=\u00a0\u00bbcenter\u00a0\u00bb css=\u00a0\u00bb.vc_custom_1466687253448{padding-top: 0px !important;padding-right: 10% !important;padding-bottom: 20px !important;padding-left: 10% !important;}\u00a0\u00bb][\/vc_column][vc_column width=\u00a0\u00bb1\/2&Prime;][vc_column_text]Nous proc\u00e9dons \u00e0 un audit aussi bien au niveau de l&rsquo;applicatif que des infrastructures, qui permet de caract\u00e9riser la <strong>nature<\/strong> ainsi que les\u00a0<strong>causes possibles<\/strong> du probl\u00e8me :<\/p>\n<div class=\"qodef-icon-list-item\">\n<div class=\"qodef-icon-list-icon-holder\">\n<div class=\"qodef-icon-list-icon-holder-inner clearfix\"><i class=\"qodef-icon-font-awesome fa fa-check-circle\">\u00a0<\/i><\/div>\n<\/div>\n<p class=\"qodef-icon-list-text\">Sa nature : est-il constamment pr\u00e9sent par exemple, ou survient-il soudainement voire m\u00eame p\u00e9riodiquement ?<\/p>\n<\/div>\n<div class=\"qodef-icon-list-item\">\n<div class=\"qodef-icon-list-icon-holder\">\n<div class=\"qodef-icon-list-icon-holder-inner clearfix\"><i class=\"qodef-icon-font-awesome fa fa-check-circle\">\u00a0<\/i><\/div>\n<\/div>\n<p class=\"qodef-icon-list-text\">Les causes, quant \u00e0 elles, peuvent \u00eatre multiples et situ\u00e9es au niveau du code de l\u2019application, d\u2019un back-end (ex : base de donn\u00e9es ou Web Service tiers), des infrastructures serveurs ou r\u00e9seau, de l\u2019architecture\u2026<\/p>\n<\/div>\n<p>Cet audit n\u00e9cessite g\u00e9n\u00e9ralement la mise en place d\u2019outils sp\u00e9cialis\u00e9s de supervision des performances, pour produire les m\u00e9triques factuelles qui conduisent \u00e0 une <strong>analyse m\u00e9thodique<\/strong> et \u00e0 un\u00a0<strong>diagnostic pertinent<\/strong>. LEANOVIA poss\u00e8de un large retour d\u2019exp\u00e9rience sur les diff\u00e9rentes solutions du march\u00e9 afin de recommander celle adapt\u00e9e \u00e0 votre environnement, sans risque d\u2019impacter n\u00e9gativement celui-ci.<\/p>\n<p>Notre objectif est alors de vous proposer des solutions en 2 phases :<\/p>\n<div class=\"qodef-icon-list-item\">\n<div class=\"qodef-icon-list-icon-holder\">\n<div class=\"qodef-icon-list-icon-holder-inner clearfix\"><span class=\"qodef-icon-circle\">1<\/span><\/div>\n<\/div>\n<p class=\"qodef-icon-list-text\">Des correctifs ou contournements \u00e0 court terme (\u201c<em>quick wins<\/em>\u201d) dans le but <strong>d\u2019\u00e9teindre la crise<\/strong>,<\/p>\n<\/div>\n<div class=\"qodef-icon-list-item\">\n<div class=\"qodef-icon-list-icon-holder\">\n<div class=\"qodef-icon-list-icon-holder-inner clearfix\"><span class=\"qodef-icon-circle\">2<\/span><\/div>\n<\/div>\n<p class=\"qodef-icon-list-text\">Un plan <strong>d\u2019am\u00e9liorations durables<\/strong> \u00e0 moyen terme, align\u00e9 sur vos priorit\u00e9s<\/p>\n<\/div>\n<p>et naturellement LEANOVIA vous <strong>accompagne<\/strong> tout au long de leur mise en oeuvre.[\/vc_column_text][\/vc_column][\/vc_row]<\/p>\n","protected":false},"excerpt":{"rendered":"<p>[vc_row content_width=\u00a0\u00bbgrid\u00a0\u00bb][vc_column][vc_column_text] Les impacts de la performance sur votre image [\/vc_column_text][\/vc_column][\/vc_row][vc_row content_width=\u00a0\u00bbgrid\u00a0\u00bb el_class=\u00a0\u00bbbottom-padding-row\u00a0\u00bb][vc_column width=\u00a0\u00bb1\/2&Prime;][vc_column_text]L\u2019enjeu de la performance sur les applications en Production est fondamental : \u00a0 Que pensent les visiteurs de votre site Web s\u2019il est lent ou pr\u00e9sente r\u00e9guli\u00e8rement des pages d\u2019erreur ? Si&#8230;<\/p>\n","protected":false},"author":1,"featured_media":0,"parent":3177,"menu_order":0,"comment_status":"closed","ping_status":"closed","template":"full-width.php","meta":[],"yoast_head":"<!-- This site is optimized with the Yoast SEO plugin v15.1.1 - https:\/\/yoast.com\/wordpress\/plugins\/seo\/ -->\n<title>Diagnostics de performance en Production - LEANOVIA<\/title>\n<meta name=\"description\" content=\"Vous avez un probl\u00e8me de temps de r\u00e9ponse ou d\u2019instabilit\u00e9s en Production sur vos applications ou votre site Web ? Appelez-nous.\" \/>\n<meta name=\"robots\" content=\"index, follow, max-snippet:-1, max-image-preview:large, max-video-preview:-1\" \/>\n<link rel=\"canonical\" href=\"https:\/\/www.leanovia.com\/fr\/expertise\/diagnostic-performances-incident-production\/\" \/>\n<script type=\"application\/ld+json\" class=\"yoast-schema-graph\">{\"@context\":\"https:\/\/schema.org\",\"@graph\":[{\"@type\":\"WebSite\",\"@id\":\"https:\/\/www.leanovia.com\/fr\/#website\",\"url\":\"https:\/\/www.leanovia.com\/fr\/\",\"name\":\"LEANOVIA\",\"description\":\"IT Performance Experts\",\"potentialAction\":[{\"@type\":\"SearchAction\",\"target\":\"https:\/\/www.leanovia.com\/fr\/?s={search_term_string}\",\"query-input\":\"required name=search_term_string\"}],\"inLanguage\":\"fr-FR\"},{\"@type\":\"WebPage\",\"@id\":\"https:\/\/www.leanovia.com\/fr\/expertise\/diagnostic-performances-incident-production\/#webpage\",\"url\":\"https:\/\/www.leanovia.com\/fr\/expertise\/diagnostic-performances-incident-production\/\",\"name\":\"Diagnostics de performance en Production - LEANOVIA\",\"isPartOf\":{\"@id\":\"https:\/\/www.leanovia.com\/fr\/#website\"},\"datePublished\":\"2016-02-08T19:56:43+00:00\",\"dateModified\":\"2016-09-27T20:08:19+00:00\",\"description\":\"Vous avez un probl\\u00e8me de temps de r\\u00e9ponse ou d\\u2019instabilit\\u00e9s en Production sur vos applications ou votre site Web ? Appelez-nous.\",\"inLanguage\":\"fr-FR\",\"potentialAction\":[{\"@type\":\"ReadAction\",\"target\":[\"https:\/\/www.leanovia.com\/fr\/expertise\/diagnostic-performances-incident-production\/\"]}]}]}<\/script>\n<!-- \/ Yoast SEO plugin. -->","_links":{"self":[{"href":"https:\/\/www.leanovia.com\/fr\/wp-json\/wp\/v2\/pages\/3274"}],"collection":[{"href":"https:\/\/www.leanovia.com\/fr\/wp-json\/wp\/v2\/pages"}],"about":[{"href":"https:\/\/www.leanovia.com\/fr\/wp-json\/wp\/v2\/types\/page"}],"author":[{"embeddable":true,"href":"https:\/\/www.leanovia.com\/fr\/wp-json\/wp\/v2\/users\/1"}],"replies":[{"embeddable":true,"href":"https:\/\/www.leanovia.com\/fr\/wp-json\/wp\/v2\/comments?post=3274"}],"version-history":[{"count":27,"href":"https:\/\/www.leanovia.com\/fr\/wp-json\/wp\/v2\/pages\/3274\/revisions"}],"predecessor-version":[{"id":3909,"href":"https:\/\/www.leanovia.com\/fr\/wp-json\/wp\/v2\/pages\/3274\/revisions\/3909"}],"up":[{"embeddable":true,"href":"https:\/\/www.leanovia.com\/fr\/wp-json\/wp\/v2\/pages\/3177"}],"wp:attachment":[{"href":"https:\/\/www.leanovia.com\/fr\/wp-json\/wp\/v2\/media?parent=3274"}],"curies":[{"name":"wp","href":"https:\/\/api.w.org\/{rel}","templated":true}]}}