{"id":3382,"date":"2016-02-16T17:28:51","date_gmt":"2016-02-16T16:28:51","guid":{"rendered":"http:\/\/www.leanovia.com\/?page_id=3382"},"modified":"2016-09-27T21:07:45","modified_gmt":"2016-09-27T20:07:45","slug":"pourquoi-performance-it","status":"publish","type":"page","link":"https:\/\/www.leanovia.com\/fr\/expertise\/pourquoi-performance-it\/","title":{"rendered":"Les enjeux de la performance IT"},"content":{"rendered":"<p>[vc_row content_width=\u00a0\u00bbgrid\u00a0\u00bb][vc_column][vc_column_text]<\/p>\n<h2 style=\"text-align: center;\">Pour le business<\/h2>\n<p>[\/vc_column_text][\/vc_column][\/vc_row][vc_row content_width=\u00a0\u00bbgrid\u00a0\u00bb el_class=\u00a0\u00bbbottom-padding-row\u00a0\u00bb][vc_column width=\u00a0\u00bb1\/2&Prime;][vc_column_text]La performance IT, au-del\u00e0 de la simple compr\u00e9hension technique que l\u2019on peut en avoir, est \u00e0 la crois\u00e9e des <strong>3 grands enjeux<\/strong> actuels des Syst\u00e8mes d\u2019Information :<\/p>\n<div class=\"qodef-icon-list-item\">\n<div class=\"qodef-icon-list-icon-holder\">\n<div class=\"qodef-icon-list-icon-holder-inner clearfix\"><i class=\"qodef-icon-font-awesome fa fa-check-circle\">\u00a0<\/i><\/div>\n<\/div>\n<p class=\"qodef-icon-list-text\"><a title=\"Optimiser l\u2019exp\u00e9rience utilisateur\" href=\"https:\/\/www.leanovia.com\/fr\/conseil\/apm-rum-real-user-monitoring-site-web-application\/\">Centrage sur l\u2019utilisateur<\/a> : il faut lui d\u00e9livrer un service robuste et performant, sinon il va chercher <strong>satisfaction<\/strong> ailleurs (\u201cConsum\u00e9risation\u201d de l\u2019IT),<\/p>\n<\/div>\n<div class=\"qodef-icon-list-item\">\n<div class=\"qodef-icon-list-icon-holder\">\n<div class=\"qodef-icon-list-icon-holder-inner clearfix\"><i class=\"qodef-icon-font-awesome fa fa-check-circle\">\u00a0<\/i><\/div>\n<\/div>\n<p class=\"qodef-icon-list-text\"><a title=\"G\u00e9rer la croissance et les pics de charge\" href=\"https:\/\/www.leanovia.com\/fr\/conseil\/gestion-croissance-pics-trafic-site-web-application\/\">Soutenir la croissance<\/a> et l\u2019activit\u00e9 de l\u2019entreprise, alors m\u00eame que les nouveaux mod\u00e8les de distribution et de communication de masse sur Internet r\u00e9duisent la capacit\u00e9 \u00e0 pr\u00e9voir cette activit\u00e9. L\u2019\u00e9poque des plans directeurs triennaux est depuis longtemps r\u00e9volue, et les syst\u00e8mes doivent r\u00e9pondre parfaitement \u00e0 tous les <strong>pics de trafic<\/strong>, m\u00eame inattendus.<\/p>\n<\/div>\n<div class=\"qodef-icon-list-item\">\n<div class=\"qodef-icon-list-icon-holder\">\n<div class=\"qodef-icon-list-icon-holder-inner clearfix\"><i class=\"qodef-icon-font-awesome fa fa-check-circle\">\u00a0<\/i><\/div>\n<\/div>\n<p class=\"qodef-icon-list-text\"><a title=\"R\u00e9duire les risques, et ma\u00eetriser les impacts des changements\" href=\"https:\/\/www.leanovia.com\/fr\/conseil\/tests-non-regression-de-performances-application-site-web-infras\/\">Soutenir l\u2019innovation<\/a>, gage de comp\u00e9titivit\u00e9 de l\u2019entreprise. Alors que le rythme des \u00e9volutions ne cesse d\u2019acc\u00e9l\u00e9rer (et cette tendance est irr\u00e9versible), les syst\u00e8mes doivent absolument rester <strong>stables et performants<\/strong> (sans introduire de r\u00e9gressions en qualit\u00e9 de comportement).<\/p>\n<\/div>\n<p>Faudrait-il alors ralentir le rythme des \u00e9volutions pour prendre le temps d\u2019am\u00e9liorer les temps de r\u00e9ponse \u00e0 l\u2019utilisateur ? Faudrait-il accepter que le service soit d\u00e9grad\u00e9 lors des pics saisonniers d\u2019activit\u00e9 ?<\/p>\n<p>Avec la Haute Performance IT et leanovia, vous n\u2019avez pas \u00e0 choisir : <strong>les trois enjeux sont respect\u00e9s<\/strong>.[\/vc_column_text][\/vc_column][vc_column width=\u00a0\u00bb1\/2&Prime;][vc_single_image image=\u00a0\u00bb3897&Prime; img_size=\u00a0\u00bbfull\u00a0\u00bb alignment=\u00a0\u00bbcenter\u00a0\u00bb css=\u00a0\u00bb.vc_custom_1466686249569{padding-top: 20px !important;padding-right: 16% !important;padding-bottom: 20px !important;padding-left: 16% !important;}\u00a0\u00bb][\/vc_column][\/vc_row][vc_row content_width=\u00a0\u00bbgrid\u00a0\u00bb el_class=\u00a0\u00bbtop-padding-row\u00a0\u00bb css=\u00a0\u00bb.vc_custom_1455719138720{background-color: #f3f3f3 !important;}\u00a0\u00bb][vc_column][vc_column_text]<\/p>\n<h2 style=\"text-align: center;\">Pour les \u00e9quipes<\/h2>\n<p>[\/vc_column_text][\/vc_column][\/vc_row][vc_row content_width=\u00a0\u00bbgrid\u00a0\u00bb el_class=\u00a0\u00bbbottom-padding-row\u00a0\u00bb css=\u00a0\u00bb.vc_custom_1455719072436{background-color: #f3f3f3 !important;}\u00a0\u00bb][vc_column width=\u00a0\u00bb1\/4&Prime;][vc_single_image image=\u00a0\u00bb3849&Prime; img_size=\u00a0\u00bbfull\u00a0\u00bb alignment=\u00a0\u00bbcenter\u00a0\u00bb css=\u00a0\u00bb.vc_custom_1465908339982{padding-top: 40px !important;padding-bottom: 20px !important;}\u00a0\u00bb][\/vc_column][vc_column width=\u00a0\u00bb3\/4&Prime;][vc_column_text]<\/p>\n<div class=\"clearfix\">\n<div>\n<p>Du c\u00f4t\u00e9 des \u00e9quipes projets en outre, un dilemme a longtemps exist\u00e9, entre <strong>anticipation<\/strong> et <strong>r\u00e9activit\u00e9<\/strong> :<\/p>\n<div class=\"qodef-icon-list-item\">\n<div class=\"qodef-icon-list-icon-holder\">\n<div class=\"qodef-icon-list-icon-holder-inner clearfix\"><i class=\"qodef-icon-font-awesome fa fa-check-circle\">\u00a0<\/i><\/div>\n<\/div>\n<p class=\"qodef-icon-list-text\">Bien souvent, les anomalies de performances sont difficiles \u00e0 corriger. Elles peuvent impacter l\u2019architecture applicative ou syst\u00e8me, ou des portions extensives de code, ou encore la mani\u00e8re d\u2019utiliser les frameworks (tels que Hibernate), voire m\u00eame le mod\u00e8le de donn\u00e9es en base. Il est donc fortement recommand\u00e9 <strong>d\u2019anticiper\u00a0<\/strong>en traitant ces anomalies (gr\u00e2ce \u00e0 une d\u00e9marche de <a title=\"Qualification de la performance\" href=\"https:\/\/www.leanovia.com\/fr\/expertise\/apm-supervision-monitoring-performance-application-site-web\/\">Qualification de la Performance<\/a>) avant qu\u2019elles n\u2019atteignent la Production et n\u2019impactent <strong>durablement<\/strong> les utilisateurs.<\/p>\n<\/div>\n<div class=\"qodef-icon-list-item\">\n<div class=\"qodef-icon-list-icon-holder\">\n<div class=\"qodef-icon-list-icon-holder-inner clearfix\"><i class=\"qodef-icon-font-awesome fa fa-check-circle\">\u00a0<\/i><\/div>\n<\/div>\n<p class=\"qodef-icon-list-text\">Mais il n\u2019est pas non plus possible de tout pr\u00e9voir \u00e0 l\u2019avance : que faire des probl\u00e8mes qui passent \u201cau travers des mailles du filet\u201d et g\u00e9n\u00e8rent un incident de Production ? Selon l\u2019ancien adage, faudrait-il vraiment <strong>attendre<\/strong> d\u2019avoir pu <strong>reproduire<\/strong> toutes les anomalies en environnement de Tests avant d\u2019en trouver la solution ??<\/p>\n<\/div>\n<p>Avec LEANOVIA et les nouvelles g\u00e9n\u00e9rations des <a title=\"Instrumentation et supervision des performances\" href=\"https:\/\/www.leanovia.com\/fr\/expertise\/tests-de-charge-diagnostic-optimisation-site-web-application\/\">outils de monitoring de performance<\/a>, l\u00e0 encore vous n\u2019avez plus \u00e0 choisir. <strong>Anticiper n\u2019exclut plus d\u2019\u00eatre r\u00e9actif<\/strong> : tous les probl\u00e8mes de performances sont adress\u00e9s, au juste moment.<\/p>\n<\/div>\n<\/div>\n<p>[\/vc_column_text][\/vc_column][\/vc_row]<\/p>\n","protected":false},"excerpt":{"rendered":"<p>[vc_row content_width=\u00a0\u00bbgrid\u00a0\u00bb][vc_column][vc_column_text] Pour le business [\/vc_column_text][\/vc_column][\/vc_row][vc_row content_width=\u00a0\u00bbgrid\u00a0\u00bb el_class=\u00a0\u00bbbottom-padding-row\u00a0\u00bb][vc_column width=\u00a0\u00bb1\/2&Prime;][vc_column_text]La performance IT, au-del\u00e0 de la simple compr\u00e9hension technique que l\u2019on peut en avoir, est \u00e0 la crois\u00e9e des 3 grands enjeux actuels des Syst\u00e8mes d\u2019Information : \u00a0 Centrage sur l\u2019utilisateur : il faut lui d\u00e9livrer un&#8230;<\/p>\n","protected":false},"author":1,"featured_media":0,"parent":3177,"menu_order":0,"comment_status":"closed","ping_status":"closed","template":"full-width.php","meta":[],"yoast_head":"<!-- This site is optimized with the Yoast SEO plugin v15.1.1 - https:\/\/yoast.com\/wordpress\/plugins\/seo\/ -->\n<title>Les enjeux de la performance IT - LEANOVIA<\/title>\n<meta name=\"description\" content=\"La performance IT n&#039;est pas un co\u00fbt mais un investissement, et vous ne pouvez pas vous en passer. D\u00e9couvrez pourquoi.\" \/>\n<meta name=\"robots\" content=\"index, follow, max-snippet:-1, max-image-preview:large, max-video-preview:-1\" \/>\n<link rel=\"canonical\" href=\"https:\/\/www.leanovia.com\/fr\/expertise\/pourquoi-performance-it\/\" \/>\n<script type=\"application\/ld+json\" class=\"yoast-schema-graph\">{\"@context\":\"https:\/\/schema.org\",\"@graph\":[{\"@type\":\"WebSite\",\"@id\":\"https:\/\/www.leanovia.com\/fr\/#website\",\"url\":\"https:\/\/www.leanovia.com\/fr\/\",\"name\":\"LEANOVIA\",\"description\":\"IT Performance Experts\",\"potentialAction\":[{\"@type\":\"SearchAction\",\"target\":\"https:\/\/www.leanovia.com\/fr\/?s={search_term_string}\",\"query-input\":\"required name=search_term_string\"}],\"inLanguage\":\"fr-FR\"},{\"@type\":\"WebPage\",\"@id\":\"https:\/\/www.leanovia.com\/fr\/expertise\/pourquoi-performance-it\/#webpage\",\"url\":\"https:\/\/www.leanovia.com\/fr\/expertise\/pourquoi-performance-it\/\",\"name\":\"Les enjeux de la performance IT - LEANOVIA\",\"isPartOf\":{\"@id\":\"https:\/\/www.leanovia.com\/fr\/#website\"},\"datePublished\":\"2016-02-16T16:28:51+00:00\",\"dateModified\":\"2016-09-27T20:07:45+00:00\",\"description\":\"La performance IT n'est pas un co\\u00fbt mais un investissement, et vous ne pouvez pas vous en passer. D\\u00e9couvrez pourquoi.\",\"inLanguage\":\"fr-FR\",\"potentialAction\":[{\"@type\":\"ReadAction\",\"target\":[\"https:\/\/www.leanovia.com\/fr\/expertise\/pourquoi-performance-it\/\"]}]}]}<\/script>\n<!-- \/ Yoast SEO plugin. -->","_links":{"self":[{"href":"https:\/\/www.leanovia.com\/fr\/wp-json\/wp\/v2\/pages\/3382"}],"collection":[{"href":"https:\/\/www.leanovia.com\/fr\/wp-json\/wp\/v2\/pages"}],"about":[{"href":"https:\/\/www.leanovia.com\/fr\/wp-json\/wp\/v2\/types\/page"}],"author":[{"embeddable":true,"href":"https:\/\/www.leanovia.com\/fr\/wp-json\/wp\/v2\/users\/1"}],"replies":[{"embeddable":true,"href":"https:\/\/www.leanovia.com\/fr\/wp-json\/wp\/v2\/comments?post=3382"}],"version-history":[{"count":27,"href":"https:\/\/www.leanovia.com\/fr\/wp-json\/wp\/v2\/pages\/3382\/revisions"}],"predecessor-version":[{"id":3898,"href":"https:\/\/www.leanovia.com\/fr\/wp-json\/wp\/v2\/pages\/3382\/revisions\/3898"}],"up":[{"embeddable":true,"href":"https:\/\/www.leanovia.com\/fr\/wp-json\/wp\/v2\/pages\/3177"}],"wp:attachment":[{"href":"https:\/\/www.leanovia.com\/fr\/wp-json\/wp\/v2\/media?parent=3382"}],"curies":[{"name":"wp","href":"https:\/\/api.w.org\/{rel}","templated":true}]}}