{"id":3386,"date":"2016-02-16T17:33:27","date_gmt":"2016-02-16T16:33:27","guid":{"rendered":"http:\/\/www.leanovia.com\/?page_id=3386"},"modified":"2016-09-27T20:58:39","modified_gmt":"2016-09-27T19:58:39","slug":"pourquoi-leanovia","status":"publish","type":"page","link":"https:\/\/www.leanovia.com\/fr\/pourquoi-leanovia\/","title":{"rendered":"Notre entreprise"},"content":{"rendered":"<p>[vc_row content_width=\u00a0\u00bbgrid\u00a0\u00bb el_class=\u00a0\u00bbbottom-padding-row\u00a0\u00bb][vc_column][vc_column_text]<\/p>\n<h2 style=\"text-align: center;\">Notre positionnement<\/h2>\n<p>[\/vc_column_text][vc_column_text]<\/p>\n<p style=\"text-align: center;\">Pure player de la performance IT.<\/p>\n<p style=\"text-align: center;\">Notre mission\u00a0: am\u00e9liorer la performance des syst\u00e8mes d\u2019information de nos clients.<\/p>\n<p style=\"text-align: center;\">Nous offrons \u00e0 nos clients des solutions et services \u00e0 tr\u00e8s forte valeur ajout\u00e9e, r\u00e9pondant aux exigences des applications d\u2019entreprise les plus critiques, en s\u2019appuyant sur un potentiel humain hautement qualifi\u00e9 dont le savoir-faire et l\u2019expertise sont reconnus par nos partenaires et les principaux \u00e9diteurs du march\u00e9.<\/p>\n<p>[\/vc_column_text][\/vc_column][\/vc_row][vc_row content_width=\u00a0\u00bbgrid\u00a0\u00bb el_class=\u00a0\u00bbtop-padding-row bottom-padding-row\u00a0\u00bb css=\u00a0\u00bb.vc_custom_1457432895061{background-color: #f3f3f3 !important;}\u00a0\u00bb][vc_column][vc_column_text]<\/p>\n<h2 style=\"text-align: center;\">Nos valeurs<\/h2>\n<p>[\/vc_column_text][vc_column_text]<\/p>\n<p style=\"text-align: center;\">L\u2019engagement constitue l\u2019une de nos principales valeurs et l\u2019une des qualit\u00e9s les plus appr\u00e9ci\u00e9es par nos clients. L\u2019ensemble de nos interventions est en mode projet avec engagement de r\u00e9sultat et s\u2019inscrit ainsi dans une logique d\u2019excellence technique et de d\u00e9veloppement des comp\u00e9tences, avec pour ambition l\u2019atteinte des objectifs de nos clients dans le respect des d\u00e9lais et des contraintes budg\u00e9taires.<\/p>\n<p>[\/vc_column_text][\/vc_column][\/vc_row]<\/p>\n","protected":false},"excerpt":{"rendered":"<p>[vc_row content_width=\u00a0\u00bbgrid\u00a0\u00bb el_class=\u00a0\u00bbbottom-padding-row\u00a0\u00bb][vc_column][vc_column_text] Notre positionnement [\/vc_column_text][vc_column_text] Pure player de la performance IT. Notre mission\u00a0: am\u00e9liorer la performance des syst\u00e8mes d\u2019information de nos clients. Nous offrons \u00e0 nos clients des solutions et services \u00e0 tr\u00e8s forte valeur ajout\u00e9e, r\u00e9pondant aux exigences des applications d\u2019entreprise les plus&#8230;<\/p>\n","protected":false},"author":1,"featured_media":0,"parent":0,"menu_order":0,"comment_status":"closed","ping_status":"closed","template":"full-width.php","meta":[],"yoast_head":"<!-- This site is optimized with the Yoast SEO plugin v15.1.1 - https:\/\/yoast.com\/wordpress\/plugins\/seo\/ -->\n<title>Pourquoi nous choisir - LEANOVIA<\/title>\n<meta name=\"description\" content=\"Sp\u00e9cialistes de la Performance IT, agiles pour s&#039;adapter \u00e0 votre entreprise.\" \/>\n<meta name=\"robots\" content=\"index, follow, max-snippet:-1, max-image-preview:large, max-video-preview:-1\" \/>\n<link rel=\"canonical\" href=\"https:\/\/www.leanovia.com\/fr\/pourquoi-leanovia\/\" \/>\n<script type=\"application\/ld+json\" class=\"yoast-schema-graph\">{\"@context\":\"https:\/\/schema.org\",\"@graph\":[{\"@type\":\"WebSite\",\"@id\":\"https:\/\/www.leanovia.com\/fr\/#website\",\"url\":\"https:\/\/www.leanovia.com\/fr\/\",\"name\":\"LEANOVIA\",\"description\":\"IT Performance Experts\",\"potentialAction\":[{\"@type\":\"SearchAction\",\"target\":\"https:\/\/www.leanovia.com\/fr\/?s={search_term_string}\",\"query-input\":\"required name=search_term_string\"}],\"inLanguage\":\"fr-FR\"},{\"@type\":\"WebPage\",\"@id\":\"https:\/\/www.leanovia.com\/fr\/pourquoi-leanovia\/#webpage\",\"url\":\"https:\/\/www.leanovia.com\/fr\/pourquoi-leanovia\/\",\"name\":\"Pourquoi nous choisir - LEANOVIA\",\"isPartOf\":{\"@id\":\"https:\/\/www.leanovia.com\/fr\/#website\"},\"datePublished\":\"2016-02-16T16:33:27+00:00\",\"dateModified\":\"2016-09-27T19:58:39+00:00\",\"description\":\"Sp\\u00e9cialistes de la Performance IT, agiles pour s'adapter \\u00e0 votre entreprise.\",\"inLanguage\":\"fr-FR\",\"potentialAction\":[{\"@type\":\"ReadAction\",\"target\":[\"https:\/\/www.leanovia.com\/fr\/pourquoi-leanovia\/\"]}]}]}<\/script>\n<!-- \/ Yoast SEO plugin. -->","_links":{"self":[{"href":"https:\/\/www.leanovia.com\/fr\/wp-json\/wp\/v2\/pages\/3386"}],"collection":[{"href":"https:\/\/www.leanovia.com\/fr\/wp-json\/wp\/v2\/pages"}],"about":[{"href":"https:\/\/www.leanovia.com\/fr\/wp-json\/wp\/v2\/types\/page"}],"author":[{"embeddable":true,"href":"https:\/\/www.leanovia.com\/fr\/wp-json\/wp\/v2\/users\/1"}],"replies":[{"embeddable":true,"href":"https:\/\/www.leanovia.com\/fr\/wp-json\/wp\/v2\/comments?post=3386"}],"version-history":[{"count":10,"href":"https:\/\/www.leanovia.com\/fr\/wp-json\/wp\/v2\/pages\/3386\/revisions"}],"predecessor-version":[{"id":3871,"href":"https:\/\/www.leanovia.com\/fr\/wp-json\/wp\/v2\/pages\/3386\/revisions\/3871"}],"wp:attachment":[{"href":"https:\/\/www.leanovia.com\/fr\/wp-json\/wp\/v2\/media?parent=3386"}],"curies":[{"name":"wp","href":"https:\/\/api.w.org\/{rel}","templated":true}]}}