{"id":3390,"date":"2016-02-17T11:05:03","date_gmt":"2016-02-17T10:05:03","guid":{"rendered":"http:\/\/www.leanovia.com\/?page_id=3390"},"modified":"2020-10-21T15:49:02","modified_gmt":"2020-10-21T14:49:02","slug":"mentions-legales","status":"publish","type":"page","link":"https:\/\/www.leanovia.com\/fr\/mentions-legales\/","title":{"rendered":"Mentions l\u00e9gales"},"content":{"rendered":"<p>[vc_row el_class=\u00a0\u00bbbottom-padding-row\u00a0\u00bb][vc_column][vc_column_text]<\/p>\n<h2>Conditions g\u00e9n\u00e9rales d\u2019utilisation<\/h2>\n<p>&nbsp;<\/p>\n<h4>Pr\u00e9ambule<\/h4>\n<p>L\u2019utilisation du site www.leanovia.com implique l\u2019acceptation pleine et enti\u00e8re des conditions g\u00e9n\u00e9rales d\u2019utilisation d\u00e9finies ci-apr\u00e8s. Celles-ci sont susceptibles d\u2019\u00eatre modifi\u00e9es ou compl\u00e9t\u00e9es \u00e0 tout moment, et leur derni\u00e8re mise \u00e0 jour pourra \u00eatre consult\u00e9e sur ce m\u00eame site.<\/p>\n<p>&nbsp;<\/p>\n<h4>Objet du site<\/h4>\n<p>L\u2019objet de ce site Internet est de pr\u00e9senter le savoir-faire de la soci\u00e9t\u00e9 LEANOVIA, et de vous donner envie de nous contacter pour discuter de vos besoins et voir ensemble comme nous pourrions vous aider.<\/p>\n<p>&nbsp;<\/p>\n<h4>Limites de responsabilit\u00e9<\/h4>\n<p>Le contenu de ce site ne constitue nullement une offre ferme de service, car avant de d\u00e9terminer ce que nous pourrions faire pour vous assister au mieux, il faut d\u2019abord nous rencontrer ! Seulement ensuite nous pourrons vous adresser une proposition commerciale de service qui d\u00e9finira notre engagement (elle peut inclure des co\u00fbts logiciels), dont nous esp\u00e9rons qu\u2019elle retiendra alors votre attention favorable.<\/p>\n<p>Les informations pr\u00e9sent\u00e9es sur le site www.leanovia.com sont donn\u00e9es \u00e0 titre indicatif, et sont susceptibles d\u2019\u00e9voluer p\u00e9riodiquement. LEANOVIA s\u2019efforce que celles-ci soient aussi pr\u00e9cises que possible. Toutefois, nous ne pourrons \u00eatre tenus responsables des omissions, des inexactitudes et des carences dans la mise \u00e0 jour, qu\u2019elles soient du fait de LEANOVIA ou du fait des tiers partenaires qui fournissent ces informations.<\/p>\n<p>Le site www.leanovia.com contient des liens hypertextes vers d\u2019autres sites. LEANOVIA n\u2019a pas la possibilit\u00e9 de garantir le contenu des sites ainsi visit\u00e9s, et n\u2019assumera en cons\u00e9quence aucune responsabilit\u00e9 de ce fait.<\/p>\n<p>LEANOVIA ne pourra \u00eatre tenu responsable des dommages directs ou indirects li\u00e9s \u00e0 la consultation du site. Concernant le dispositif utilis\u00e9 pour consulter le site (ordinateur, dispositif mobile\u2026), il est recommand\u00e9 que celui-ci soit tenu \u00e0 jour des derni\u00e8res \u00ab\u00a0mises \u00e0 jour de s\u00e9curit\u00e9\u00a0\u00bb, dot\u00e9 d\u2019un antivirus, et d\u2019un navigateur Internet de derni\u00e8re g\u00e9n\u00e9ration.<\/p>\n<p>Le site est normalement accessible \u00e0 tout moment aux utilisateurs. Des interruptions pour raison de maintenance peuvent toutefois survenir occasionnellement.<\/p>\n<p>&nbsp;<\/p>\n<h4>Propri\u00e9t\u00e9 intellectuelle<\/h4>\n<p>LEANOVIA est propri\u00e9taire des droits de propri\u00e9t\u00e9 intellectuelle ou d\u00e9tient les droits d\u2019usage sur tous les \u00e9l\u00e9ments accessibles sur le site, notamment les textes, images, graphismes, logo, ic\u00f4nes, etc.<\/p>\n<p>Toute reproduction, repr\u00e9sentation, modification, publication, adaptation de tout ou partie des \u00e9l\u00e9ments du site, quel que soit le moyen ou le proc\u00e9d\u00e9 utilis\u00e9, est interdite, sauf autorisation \u00e9crite pr\u00e9alable de leanovia.<\/p>\n<p>Toute exploitation non autoris\u00e9e du site ou de l\u2019un des \u00e9l\u00e9ments qu\u2019il contient sera consid\u00e9r\u00e9e comme constitutive d\u2019une contrefa\u00e7on et susceptible de poursuites, conform\u00e9ment aux dispositions des articles L.335-2 et suivants du Code de Propri\u00e9t\u00e9 Intellectuelle.<\/p>\n<p>&nbsp;<\/p>\n<h2>Contacts et prestataires<\/h2>\n<p>En vertu de l\u2019article 6 de la loi n\u00b0 2004-575 du 21 juin 2004 pour la confiance dans l\u2019\u00e9conomie num\u00e9rique, il est pr\u00e9cis\u00e9 aux utilisateurs du site www.leanovia.com l\u2019identit\u00e9 des diff\u00e9rents intervenants en charge de sa r\u00e9alisation et de son suivi.<\/p>\n<p>&nbsp;<\/p>\n<h4>Propri\u00e9t\u00e9 du site Internet\u00a0:<\/h4>\n<p>LEANOVIA <\/p>\n<p>SAS au capital de 100\u00a0000 euros<\/p>\n<p>RCS Paris 530 923 069<\/p>\n<p>Si\u00e8ge social : Tour CIT Montparnasse\u00a0| 3 rue de l&rsquo;Arriv\u00e9e | 75015 PARIS | France<\/p>\n<p>&nbsp;<\/p>\n<h4>Direction de la publication\u00a0:<\/h4>\n<p>Mohammed SAKAH, Founder &amp;\u00a0MD<\/p>\n<p>&nbsp;<\/p>\n<h4>H\u00e9bergement\u00a0:<\/h4>\n<p>OVH<\/p>\n<p>2, rue Kellermann | 59100 ROUBAIX<\/p>\n<p>T\u00e9l\u00a0: 1007 \/ +33 9 72 10 10 07<\/p>\n<p>&nbsp;<\/p>\n<h2>Vie priv\u00e9e et r\u00e8gles de confidentialit\u00e9<\/h2>\n<p>&nbsp;<\/p>\n<h4>Suivi d\u2019audience et cookies<\/h4>\n<p>leanovia.com utilise Google Analytics pour recueillir des statistiques d\u2019audience, dans le but de comprendre l\u2019usage qui est fait de notre site Internet et comment l\u2019am\u00e9liorer pour fournir le contenu r\u00e9pondant le mieux aux attentes de nos visiteurs. Ces informations sont anonymes et ne visent en aucun cas \u00e0 vous identifier personnellement.<\/p>\n<p>A propos de la collecte de donn\u00e9es par Google\u00a0: <a href=\"http:\/\/www.google.com\/intl\/fr\/policies\/privacy\/partners\/\" target=\"_blank\" rel=\"noopener noreferrer\">www.google.com\/intl\/fr\/policies\/privacy\/partners\/<\/a><\/p>\n<p>&nbsp;<\/p>\n<p>Vous pouvez vous opposer au stockage de cookies dans votre navigateur en utilisant la fonction de Navigation Priv\u00e9e, la fonction \u201cDo Not Track\u201d, ou encore en d\u00e9sactivant les cookies :<\/p>\n<div class=\"qodef-icon-list-item\">\n<div class=\"qodef-icon-list-icon-holder\">\n<div class=\"qodef-icon-list-icon-holder-inner clearfix\"><i class=\"qodef-icon-font-awesome fa fa-check-circle\">\u00a0<\/i><\/div>\n<\/div>\n<p class=\"qodef-icon-list-text\">Internet Explorer : <a href=\"http:\/\/windows.microsoft.com\/fr-fr\/internet-explorer\/ie-security-privacy-settings\" target=\"_blank\" rel=\"noopener noreferrer\">microsoft.com\/fr-fr\/internet-explorer\/ie-security-privacy-settings<\/a><\/p>\n<\/div>\n<div class=\"qodef-icon-list-item\">\n<div class=\"qodef-icon-list-icon-holder\">\n<div class=\"qodef-icon-list-icon-holder-inner clearfix\"><i class=\"qodef-icon-font-awesome fa fa-check-circle\">\u00a0<\/i><\/div>\n<\/div>\n<p class=\"qodef-icon-list-text\">Microsoft Edge\u00a0: <a href=\"http:\/\/windows.microsoft.com\/fr-fr\/windows-10\/edge-privacy-faq\" target=\"_blank\" rel=\"noopener noreferrer\">windows.microsoft.com\/fr-fr\/windows-10\/edge-privacy-faq<\/a><\/p>\n<\/div>\n<div class=\"qodef-icon-list-item\">\n<div class=\"qodef-icon-list-icon-holder\">\n<div class=\"qodef-icon-list-icon-holder-inner clearfix\"><i class=\"qodef-icon-font-awesome fa fa-check-circle\">\u00a0<\/i><\/div>\n<\/div>\n<p class=\"qodef-icon-list-text\">Safari : <a href=\"http:\/\/support.apple.com\/kb\/PH21447\" target=\"_blank\" rel=\"noopener noreferrer\">support.apple.com\/kb\/PH21447<\/a><\/p>\n<\/div>\n<div class=\"qodef-icon-list-item\">\n<div class=\"qodef-icon-list-icon-holder\">\n<div class=\"qodef-icon-list-icon-holder-inner clearfix\"><i class=\"qodef-icon-font-awesome fa fa-check-circle\">\u00a0<\/i><\/div>\n<\/div>\n<p class=\"qodef-icon-list-text\">Google Chrome : <a href=\"https:\/\/support.google.com\/chrome\/answer\/114836\" target=\"_blank\" rel=\"noopener noreferrer\">google.com\/chrome\/answer\/114836<\/a><\/p>\n<\/div>\n<div class=\"qodef-icon-list-item\">\n<div class=\"qodef-icon-list-icon-holder\">\n<div class=\"qodef-icon-list-icon-holder-inner clearfix\"><i class=\"qodef-icon-font-awesome fa fa-check-circle\">\u00a0<\/i><\/div>\n<\/div>\n<p class=\"qodef-icon-list-text\">Firefox : <a href=\"https:\/\/support.mozilla.org\/fr\/products\/firefox\/privacy-and-security\" target=\"_blank\" rel=\"noopener noreferrer\">mozilla.org\/fr\/products\/firefox\/privacy-and-security<\/a><\/p>\n<\/div>\n<p>Toutefois, notez qu\u2019en cas de d\u00e9sactivation des cookies il est possible que tout ou partie de notre site Web ne puisse plus fonctionner comme attendu.<\/p>\n<p>&nbsp;<\/p>\n<h4>Donn\u00e9es personnelles collect\u00e9es<\/h4>\n<p>Les seules donn\u00e9es personnelles collect\u00e9es par LEANOVIA sont celles que l\u2019utilisateur est susceptible de d\u00e9poser sur le <a href=\"https:\/\/www.leanovia.com\/contact\/\">formulaire de contact<\/a> pr\u00e9vu \u00e0 cet effet. Nous pourrons\u00a0alors \u00eatre amen\u00e9s \u00e0 vous recontacter pour r\u00e9pondre \u00e0 votre demande et\/ou \u00e0 fins de prospection commerciale.<\/p>\n<p>Aucune information personnelle de l\u2019utilisateur du site www.leanovia.com n\u2019est publi\u00e9e \u00e0 son insu, ni \u00e9chang\u00e9e, transf\u00e9r\u00e9e, c\u00e9d\u00e9e ou vendue sur un support quelconque \u00e0 des tiers.<\/p>\n<p>Conform\u00e9ment aux dispositions des articles 38 et suivants de la loi 78-17 du 6 janvier 1978 relative \u00e0 l\u2019informatique, aux fichiers et aux libert\u00e9s, tout utilisateur dispose d\u2019un droit d\u2019acc\u00e8s, de rectification et d\u2019opposition aux donn\u00e9es personnelles le concernant, en effectuant sa demande \u00e9crite et sign\u00e9e, accompagn\u00e9e d\u2019une copie de titre d\u2019identit\u00e9 avec signature du titulaire de la pi\u00e8ce, en pr\u00e9cisant l\u2019adresse \u00e0 laquelle la r\u00e9ponse doit \u00eatre envoy\u00e9e.[\/vc_column_text][\/vc_column][\/vc_row]<\/p>\n","protected":false},"excerpt":{"rendered":"<p>[vc_row el_class=\u00a0\u00bbbottom-padding-row\u00a0\u00bb][vc_column][vc_column_text] Conditions g\u00e9n\u00e9rales d\u2019utilisation &nbsp; Pr\u00e9ambule L\u2019utilisation du site www.leanovia.com implique l\u2019acceptation pleine et enti\u00e8re des conditions g\u00e9n\u00e9rales d\u2019utilisation d\u00e9finies ci-apr\u00e8s. Celles-ci sont susceptibles d\u2019\u00eatre modifi\u00e9es ou compl\u00e9t\u00e9es \u00e0 tout moment, et leur derni\u00e8re mise \u00e0 jour pourra \u00eatre consult\u00e9e sur ce m\u00eame site&#8230;.<\/p>\n","protected":false},"author":1,"featured_media":0,"parent":0,"menu_order":0,"comment_status":"closed","ping_status":"closed","template":"","meta":[],"yoast_head":"<!-- This site is optimized with the Yoast SEO plugin v15.1.1 - https:\/\/yoast.com\/wordpress\/plugins\/seo\/ -->\n<title>Mentions l\u00e9gales - LEANOVIA<\/title>\n<meta name=\"robots\" content=\"index, follow, max-snippet:-1, max-image-preview:large, max-video-preview:-1\" \/>\n<link rel=\"canonical\" href=\"https:\/\/www.leanovia.com\/fr\/mentions-legales\/\" \/>\n<script type=\"application\/ld+json\" class=\"yoast-schema-graph\">{\"@context\":\"https:\/\/schema.org\",\"@graph\":[{\"@type\":\"WebSite\",\"@id\":\"https:\/\/www.leanovia.com\/fr\/#website\",\"url\":\"https:\/\/www.leanovia.com\/fr\/\",\"name\":\"LEANOVIA\",\"description\":\"IT Performance Experts\",\"potentialAction\":[{\"@type\":\"SearchAction\",\"target\":\"https:\/\/www.leanovia.com\/fr\/?s={search_term_string}\",\"query-input\":\"required name=search_term_string\"}],\"inLanguage\":\"fr-FR\"},{\"@type\":\"WebPage\",\"@id\":\"https:\/\/www.leanovia.com\/fr\/mentions-legales\/#webpage\",\"url\":\"https:\/\/www.leanovia.com\/fr\/mentions-legales\/\",\"name\":\"Mentions l\\u00e9gales - LEANOVIA\",\"isPartOf\":{\"@id\":\"https:\/\/www.leanovia.com\/fr\/#website\"},\"datePublished\":\"2016-02-17T10:05:03+00:00\",\"dateModified\":\"2020-10-21T14:49:02+00:00\",\"inLanguage\":\"fr-FR\",\"potentialAction\":[{\"@type\":\"ReadAction\",\"target\":[\"https:\/\/www.leanovia.com\/fr\/mentions-legales\/\"]}]}]}<\/script>\n<!-- \/ Yoast SEO plugin. -->","_links":{"self":[{"href":"https:\/\/www.leanovia.com\/fr\/wp-json\/wp\/v2\/pages\/3390"}],"collection":[{"href":"https:\/\/www.leanovia.com\/fr\/wp-json\/wp\/v2\/pages"}],"about":[{"href":"https:\/\/www.leanovia.com\/fr\/wp-json\/wp\/v2\/types\/page"}],"author":[{"embeddable":true,"href":"https:\/\/www.leanovia.com\/fr\/wp-json\/wp\/v2\/users\/1"}],"replies":[{"embeddable":true,"href":"https:\/\/www.leanovia.com\/fr\/wp-json\/wp\/v2\/comments?post=3390"}],"version-history":[{"count":4,"href":"https:\/\/www.leanovia.com\/fr\/wp-json\/wp\/v2\/pages\/3390\/revisions"}],"predecessor-version":[{"id":4255,"href":"https:\/\/www.leanovia.com\/fr\/wp-json\/wp\/v2\/pages\/3390\/revisions\/4255"}],"wp:attachment":[{"href":"https:\/\/www.leanovia.com\/fr\/wp-json\/wp\/v2\/media?parent=3390"}],"curies":[{"name":"wp","href":"https:\/\/api.w.org\/{rel}","templated":true}]}}