{"id":3888,"date":"2016-06-23T13:36:14","date_gmt":"2016-06-23T12:36:14","guid":{"rendered":"http:\/\/www.leanovia.com\/fr\/?page_id=3888"},"modified":"2020-10-22T10:05:15","modified_gmt":"2020-10-22T09:05:15","slug":"recrutement","status":"publish","type":"page","link":"https:\/\/www.leanovia.com\/fr\/recrutement\/","title":{"rendered":"Nous rejoindre"},"content":{"rendered":"<p>[vc_row content_width=\u00a0\u00bbgrid\u00a0\u00bb el_class=\u00a0\u00bbbottom-padding-row\u00a0\u00bb][vc_column width=\u00a0\u00bb1\/3&Prime;][vc_column_text]<\/p>\n<h2>Savoir-faire<\/h2>\n<p>[\/vc_column_text][vc_column_text]<\/p>\n<div class=\"qodef-icon-list-item\">\n<div class=\"qodef-icon-list-icon-holder\">\n<div class=\"qodef-icon-list-icon-holder-inner clearfix\"><i class=\"qodef-icon-font-awesome fa fa-check-circle\">\u00a0<\/i><\/div>\n<\/div>\n<p class=\"qodef-icon-list-text\">Dipl\u00f4me d\u2019Ing\u00e9nieur ou formation sup\u00e9rieure \u00e9quivalente<\/p>\n<\/div>\n<div class=\"qodef-icon-list-item\">\n<div class=\"qodef-icon-list-icon-holder\">\n<div class=\"qodef-icon-list-icon-holder-inner clearfix\"><i class=\"qodef-icon-font-awesome fa fa-check-circle\">\u00a0<\/i><\/div>\n<\/div>\n<p class=\"qodef-icon-list-text\">D\u00e9butant ou justifiant d\u2019une exp\u00e9rience r\u00e9ussie dans le domaine des architectures Web<\/p>\n<\/div>\n<p>[\/vc_column_text][\/vc_column][vc_column width=\u00a0\u00bb1\/3&Prime;][vc_column_text]<\/p>\n<h2>Savoir-\u00eatre<\/h2>\n<p>[\/vc_column_text][vc_column_text]<\/p>\n<div class=\"qodef-icon-list-item\">\n<div class=\"qodef-icon-list-icon-holder\">\n<div class=\"qodef-icon-list-icon-holder-inner clearfix\"><i class=\"qodef-icon-font-awesome fa fa-check-circle\">\u00a0<\/i><\/div>\n<\/div>\n<p class=\"qodef-icon-list-text\">Autonome<\/p>\n<\/div>\n<div class=\"qodef-icon-list-item\">\n<div class=\"qodef-icon-list-icon-holder\">\n<div class=\"qodef-icon-list-icon-holder-inner clearfix\"><i class=\"qodef-icon-font-awesome fa fa-check-circle\">\u00a0<\/i><\/div>\n<\/div>\n<p class=\"qodef-icon-list-text\">Leadership<\/p>\n<\/div>\n<div class=\"qodef-icon-list-item\">\n<div class=\"qodef-icon-list-icon-holder\">\n<div class=\"qodef-icon-list-icon-holder-inner clearfix\"><i class=\"qodef-icon-font-awesome fa fa-check-circle\">\u00a0<\/i><\/div>\n<\/div>\n<p class=\"qodef-icon-list-text\">Polyvalent<\/p>\n<\/div>\n<div class=\"qodef-icon-list-item\">\n<div class=\"qodef-icon-list-icon-holder\">\n<div class=\"qodef-icon-list-icon-holder-inner clearfix\"><i class=\"qodef-icon-font-awesome fa fa-check-circle\">\u00a0<\/i><\/div>\n<\/div>\n<p class=\"qodef-icon-list-text\">Ouvert<\/p>\n<\/div>\n<div class=\"qodef-icon-list-item\">\n<div class=\"qodef-icon-list-icon-holder\">\n<div class=\"qodef-icon-list-icon-holder-inner clearfix\"><i class=\"qodef-icon-font-awesome fa fa-check-circle\">\u00a0<\/i><\/div>\n<\/div>\n<p class=\"qodef-icon-list-text\">Passionn\u00e9<\/p>\n<\/div>\n<p>[\/vc_column_text][\/vc_column][vc_column width=\u00a0\u00bb1\/3&Prime;][vc_column_text]<\/p>\n<h2>Missions<\/h2>\n<p>[\/vc_column_text][vc_column_text]<\/p>\n<div class=\"qodef-icon-list-item\">\n<div class=\"qodef-icon-list-icon-holder\">\n<div class=\"qodef-icon-list-icon-holder-inner clearfix\"><i class=\"qodef-icon-font-awesome fa fa-check-circle\">\u00a0<\/i><\/div>\n<\/div>\n<p class=\"qodef-icon-list-text\">Expert Infrastructure (cloud, devops)<\/p>\n<\/div>\n<div class=\"qodef-icon-list-item\">\n<div class=\"qodef-icon-list-icon-holder\">\n<div class=\"qodef-icon-list-icon-holder-inner clearfix\"><i class=\"qodef-icon-font-awesome fa fa-check-circle\">\u00a0<\/i><\/div>\n<\/div>\n<p class=\"qodef-icon-list-text\">Architecte d\u2019Application (Agile, Java, Web)<\/p>\n<\/div>\n<div class=\"qodef-icon-list-item\">\n<div class=\"qodef-icon-list-icon-holder\">\n<div class=\"qodef-icon-list-icon-holder-inner clearfix\"><i class=\"qodef-icon-font-awesome fa fa-check-circle\">\u00a0<\/i><\/div>\n<\/div>\n<p class=\"qodef-icon-list-text\">Consultant Performance (APM, NPM, UX)<\/p>\n<\/div>\n<p>[\/vc_column_text][\/vc_column][\/vc_row][vc_row content_width=\u00a0\u00bbgrid\u00a0\u00bb el_class=\u00a0\u00bbtop-padding-row bottom-padding-row\u00a0\u00bb css=\u00a0\u00bb.vc_custom_1457432895061{background-color: #f3f3f3 !important;}\u00a0\u00bb][vc_column]<div role=\"form\" class=\"wpcf7\" id=\"wpcf7-f3894-o1\" lang=\"fr-FR\" dir=\"ltr\">\n<div class=\"screen-reader-response\"><p role=\"status\" aria-live=\"polite\" aria-atomic=\"true\"><\/p> <ul><\/ul><\/div>\n<form action=\"\/fr\/wp-json\/wp\/v2\/pages\/3888#wpcf7-f3894-o1\" method=\"post\" class=\"wpcf7-form init cf7_custom_style_1\" novalidate=\"novalidate\" data-status=\"init\">\n<div style=\"display: none;\">\n<input type=\"hidden\" name=\"_wpcf7\" value=\"3894\" \/>\n<input type=\"hidden\" name=\"_wpcf7_version\" value=\"5.3\" \/>\n<input type=\"hidden\" name=\"_wpcf7_locale\" value=\"fr_FR\" \/>\n<input type=\"hidden\" name=\"_wpcf7_unit_tag\" value=\"wpcf7-f3894-o1\" \/>\n<input type=\"hidden\" name=\"_wpcf7_container_post\" value=\"0\" \/>\n<input type=\"hidden\" name=\"_wpcf7_posted_data_hash\" value=\"\" \/>\n<input type=\"hidden\" name=\"_wpcf7_recaptcha_response\" value=\"\" \/>\n<\/div>\n<div class='form-group'>\n    <label for='contact-form-name' class='control-label'>Votre nom (obligatoire)<\/label><br \/>\n    <span class=\"wpcf7-form-control-wrap your-name\"><input type=\"text\" name=\"your-name\" value=\"\" size=\"40\" class=\"wpcf7-form-control wpcf7-text wpcf7-validates-as-required\" id=\"contact-form-name\" aria-required=\"true\" aria-invalid=\"false\" \/><\/span>\n<\/div>\n<div class='form-group'>\n    <label for='contact-form-email' class='control-label'>Votre email (obligatoire)<\/label><br \/>\n    <span class=\"wpcf7-form-control-wrap your-email\"><input type=\"email\" name=\"your-email\" value=\"\" size=\"40\" class=\"wpcf7-form-control wpcf7-text wpcf7-email wpcf7-validates-as-required wpcf7-validates-as-email\" id=\"contact-form-email\" aria-required=\"true\" aria-invalid=\"false\" \/><\/span>\n<\/div>\n<div class='form-group'>\n    <label for='contact-form-subject' class='control-label'>Sujet<\/label><br \/>\n    <span class=\"wpcf7-form-control-wrap your-subject\"><input type=\"text\" name=\"your-subject\" value=\"\" size=\"40\" class=\"wpcf7-form-control wpcf7-text\" id=\"contact-form-subject\" aria-invalid=\"false\" \/><\/span>\n<\/div>\n<div class='form-group'>\n    <label for='contact-form-message' class='control-label'>Message<\/label><br \/>\n    <span class=\"wpcf7-form-control-wrap your-message\"><textarea name=\"your-message\" cols=\"40\" rows=\"6\" class=\"wpcf7-form-control wpcf7-textarea\" id=\"contact-form-message\" aria-invalid=\"false\"><\/textarea><\/span>\n<\/div>\n<div class='form-group'><input type=\"submit\" value=\"Envoyer\" class=\"wpcf7-form-control wpcf7-submit\" \/><\/div>\n<div class=\"wpcf7-response-output\" aria-hidden=\"true\"><\/div><\/form><\/div>[\/vc_column][\/vc_row]<\/p>\n","protected":false},"excerpt":{"rendered":"<p>[vc_row content_width=\u00a0\u00bbgrid\u00a0\u00bb el_class=\u00a0\u00bbbottom-padding-row\u00a0\u00bb][vc_column width=\u00a0\u00bb1\/3&Prime;][vc_column_text] Savoir-faire [\/vc_column_text][vc_column_text] \u00a0 Dipl\u00f4me d\u2019Ing\u00e9nieur ou formation sup\u00e9rieure \u00e9quivalente \u00a0 D\u00e9butant ou justifiant d\u2019une exp\u00e9rience r\u00e9ussie dans le domaine des architectures Web [\/vc_column_text][\/vc_column][vc_column width=\u00a0\u00bb1\/3&Prime;][vc_column_text] Savoir-\u00eatre [\/vc_column_text][vc_column_text] \u00a0 Autonome \u00a0 Leadership \u00a0 Polyvalent \u00a0 Ouvert \u00a0 Passionn\u00e9 [\/vc_column_text][\/vc_column][vc_column width=\u00a0\u00bb1\/3&Prime;][vc_column_text] Missions [\/vc_column_text][vc_column_text] \u00a0&#8230;<\/p>\n","protected":false},"author":1,"featured_media":0,"parent":0,"menu_order":0,"comment_status":"closed","ping_status":"closed","template":"full-width.php","meta":[],"yoast_head":"<!-- This site is optimized with the Yoast SEO plugin v15.1.1 - https:\/\/yoast.com\/wordpress\/plugins\/seo\/ -->\n<title>Nous rejoindre - LEANOVIA<\/title>\n<meta name=\"description\" content=\"Hauts potentiels, mordus par la technique. Formation sup\u00e9rieure, d\u00e9butants ou exp\u00e9riment\u00e9s.\" \/>\n<meta name=\"robots\" content=\"index, follow, max-snippet:-1, max-image-preview:large, max-video-preview:-1\" \/>\n<link rel=\"canonical\" href=\"https:\/\/www.leanovia.com\/fr\/recrutement\/\" \/>\n<script type=\"application\/ld+json\" class=\"yoast-schema-graph\">{\"@context\":\"https:\/\/schema.org\",\"@graph\":[{\"@type\":\"WebSite\",\"@id\":\"https:\/\/www.leanovia.com\/fr\/#website\",\"url\":\"https:\/\/www.leanovia.com\/fr\/\",\"name\":\"LEANOVIA\",\"description\":\"IT Performance Experts\",\"potentialAction\":[{\"@type\":\"SearchAction\",\"target\":\"https:\/\/www.leanovia.com\/fr\/?s={search_term_string}\",\"query-input\":\"required name=search_term_string\"}],\"inLanguage\":\"fr-FR\"},{\"@type\":\"WebPage\",\"@id\":\"https:\/\/www.leanovia.com\/fr\/recrutement\/#webpage\",\"url\":\"https:\/\/www.leanovia.com\/fr\/recrutement\/\",\"name\":\"Nous rejoindre - LEANOVIA\",\"isPartOf\":{\"@id\":\"https:\/\/www.leanovia.com\/fr\/#website\"},\"datePublished\":\"2016-06-23T12:36:14+00:00\",\"dateModified\":\"2020-10-22T09:05:15+00:00\",\"description\":\"Hauts potentiels, mordus par la technique. Formation sup\\u00e9rieure, d\\u00e9butants ou exp\\u00e9riment\\u00e9s.\",\"inLanguage\":\"fr-FR\",\"potentialAction\":[{\"@type\":\"ReadAction\",\"target\":[\"https:\/\/www.leanovia.com\/fr\/recrutement\/\"]}]}]}<\/script>\n<!-- \/ Yoast SEO plugin. -->","_links":{"self":[{"href":"https:\/\/www.leanovia.com\/fr\/wp-json\/wp\/v2\/pages\/3888"}],"collection":[{"href":"https:\/\/www.leanovia.com\/fr\/wp-json\/wp\/v2\/pages"}],"about":[{"href":"https:\/\/www.leanovia.com\/fr\/wp-json\/wp\/v2\/types\/page"}],"author":[{"embeddable":true,"href":"https:\/\/www.leanovia.com\/fr\/wp-json\/wp\/v2\/users\/1"}],"replies":[{"embeddable":true,"href":"https:\/\/www.leanovia.com\/fr\/wp-json\/wp\/v2\/comments?post=3888"}],"version-history":[{"count":3,"href":"https:\/\/www.leanovia.com\/fr\/wp-json\/wp\/v2\/pages\/3888\/revisions"}],"predecessor-version":[{"id":4274,"href":"https:\/\/www.leanovia.com\/fr\/wp-json\/wp\/v2\/pages\/3888\/revisions\/4274"}],"wp:attachment":[{"href":"https:\/\/www.leanovia.com\/fr\/wp-json\/wp\/v2\/media?parent=3888"}],"curies":[{"name":"wp","href":"https:\/\/api.w.org\/{rel}","templated":true}]}}